{"id":5876,"date":"2022-03-25T17:07:49","date_gmt":"2022-03-25T16:07:49","guid":{"rendered":"http:\/\/relaunch.jlgoslar.de\/?page_id=5876"},"modified":"2025-12-05T09:16:21","modified_gmt":"2025-12-05T08:16:21","slug":"uber-uns","status":"publish","type":"page","link":"https:\/\/jlgoslar.de\/en\/uber-uns\/","title":{"rendered":"About us"},"content":{"rendered":"<div data-elementor-type=\"wp-page\" data-elementor-id=\"5876\" class=\"elementor elementor-5876\" data-elementor-settings=\"{&quot;ha_cmc_init_switcher&quot;:&quot;no&quot;}\">\n\t\t\t\t\t\t<section class=\"elementor-section elementor-top-section elementor-element elementor-element-33bf699 elementor-section-full_width elementor-section-height-min-height elementor-section-items-bottom elementor-section-height-default qodef-elementor-content-no\" data-id=\"33bf699\" data-element_type=\"section\" data-e-type=\"section\" id=\"uu-sc1\" data-settings=\"{&quot;background_background&quot;:&quot;classic&quot;,&quot;_ha_eqh_enable&quot;:false}\">\n\t\t\t\t\t\t<div class=\"elementor-container elementor-column-gap-default\">\n\t\t\t\t\t<div class=\"elementor-column elementor-col-100 elementor-top-column elementor-element elementor-element-4792092\" data-id=\"4792092\" data-element_type=\"column\" data-e-type=\"column\">\n\t\t\t<div class=\"elementor-widget-wrap elementor-element-populated\">\n\t\t\t\t\t\t<section class=\"elementor-section elementor-inner-section elementor-element elementor-element-fc6f32a title-one-line-page-mobile elementor-section-boxed elementor-section-height-default elementor-section-height-default qodef-elementor-content-no\" data-id=\"fc6f32a\" data-element_type=\"section\" data-e-type=\"section\" id=\"uber-uns-title\" data-settings=\"{&quot;_ha_eqh_enable&quot;:false}\">\n\t\t\t\t\t\t<div class=\"elementor-container elementor-column-gap-no\">\n\t\t\t\t\t<div class=\"elementor-column elementor-col-100 elementor-inner-column elementor-element elementor-element-b5d9e72\" data-id=\"b5d9e72\" data-element_type=\"column\" data-e-type=\"column\">\n\t\t\t<div class=\"elementor-widget-wrap elementor-element-populated\">\n\t\t\t\t\t\t<div class=\"elementor-element elementor-element-5a6ec1c elementor-widget elementor-widget-heading\" data-id=\"5a6ec1c\" data-element_type=\"widget\" data-e-type=\"widget\" data-widget_type=\"heading.default\">\n\t\t\t\t<div class=\"elementor-widget-container\">\n\t\t\t\t\t<h2 class=\"elementor-heading-title elementor-size-default\">About us<\/h2>\t\t\t\t<\/div>\n\t\t\t\t<\/div>\n\t\t\t\t\t<\/div>\n\t\t<\/div>\n\t\t\t\t\t<\/div>\n\t\t<\/section>\n\t\t\t\t\t<\/div>\n\t\t<\/div>\n\t\t\t\t\t<\/div>\n\t\t<\/section>\n\t\t\t\t<section class=\"elementor-section elementor-top-section elementor-element elementor-element-126bd5f qodef-elementor-content-grid elementor-section-full_width sections-mobile elementor-section-height-default elementor-section-height-default\" data-id=\"126bd5f\" data-element_type=\"section\" data-e-type=\"section\" id=\"section-3\" data-settings=\"{&quot;background_background&quot;:&quot;classic&quot;,&quot;_ha_eqh_enable&quot;:false}\">\n\t\t\t\t\t\t<div class=\"elementor-container elementor-column-gap-no\">\n\t\t\t\t\t<div class=\"elementor-column elementor-col-100 elementor-top-column elementor-element elementor-element-7ed1450\" data-id=\"7ed1450\" data-element_type=\"column\" data-e-type=\"column\">\n\t\t\t<div class=\"elementor-widget-wrap elementor-element-populated\">\n\t\t\t\t\t\t<section class=\"elementor-section elementor-inner-section elementor-element elementor-element-0c52c88 elementor-section-height-min-height elementor-section-content-top elementor-section-boxed elementor-section-height-default qodef-elementor-content-no\" data-id=\"0c52c88\" data-element_type=\"section\" data-e-type=\"section\" data-settings=\"{&quot;_ha_eqh_enable&quot;:false}\">\n\t\t\t\t\t\t<div class=\"elementor-container elementor-column-gap-no\">\n\t\t\t\t\t<div class=\"elementor-column elementor-col-33 elementor-inner-column elementor-element elementor-element-8bf3993 uu-pic-container\" data-id=\"8bf3993\" data-element_type=\"column\" data-e-type=\"column\">\n\t\t\t<div class=\"elementor-widget-wrap elementor-element-populated\">\n\t\t\t\t\t\t<div class=\"elementor-element elementor-element-230532c uber-uns-pic elementor-widget elementor-widget-image\" data-id=\"230532c\" data-element_type=\"widget\" data-e-type=\"widget\" data-widget_type=\"image.default\">\n\t\t\t\t<div class=\"elementor-widget-container\">\n\t\t\t\t\t\t\t\t\t\t\t\t\t\t\t<img fetchpriority=\"high\" decoding=\"async\" width=\"2560\" height=\"1779\" src=\"https:\/\/jlgoslar.de\/wp-content\/uploads\/2022\/09\/Stand_1zu1_Bild-1_neu2-scaled.jpg\" class=\"attachment-full size-full wp-image-12715\" alt=\"\" srcset=\"https:\/\/jlgoslar.de\/wp-content\/uploads\/2022\/09\/Stand_1zu1_Bild-1_neu2-scaled.jpg 2560w, https:\/\/jlgoslar.de\/wp-content\/uploads\/2022\/09\/Stand_1zu1_Bild-1_neu2-300x208.jpg 300w, https:\/\/jlgoslar.de\/wp-content\/uploads\/2022\/09\/Stand_1zu1_Bild-1_neu2-1024x712.jpg 1024w, https:\/\/jlgoslar.de\/wp-content\/uploads\/2022\/09\/Stand_1zu1_Bild-1_neu2-768x534.jpg 768w, https:\/\/jlgoslar.de\/wp-content\/uploads\/2022\/09\/Stand_1zu1_Bild-1_neu2-1536x1067.jpg 1536w, https:\/\/jlgoslar.de\/wp-content\/uploads\/2022\/09\/Stand_1zu1_Bild-1_neu2-2048x1423.jpg 2048w\" sizes=\"(max-width: 2560px) 100vw, 2560px\" \/>\t\t\t\t\t\t\t\t\t\t\t\t\t\t\t<\/div>\n\t\t\t\t<\/div>\n\t\t\t\t\t<\/div>\n\t\t<\/div>\n\t\t\t\t<div class=\"elementor-column elementor-col-33 elementor-inner-column elementor-element elementor-element-88b269f\" data-id=\"88b269f\" data-element_type=\"column\" data-e-type=\"column\">\n\t\t\t<div class=\"elementor-widget-wrap elementor-element-populated\">\n\t\t\t\t\t\t<div class=\"elementor-element elementor-element-e98e7c5 uber-uns-vertical-text elementor-widget elementor-widget-text-editor\" data-id=\"e98e7c5\" data-element_type=\"widget\" data-e-type=\"widget\" data-widget_type=\"text-editor.default\">\n\t\t\t\t<div class=\"elementor-widget-container\">\n\t\t\t\t\t\t\t\t\tAbout us\t\t\t\t\t\t\t\t<\/div>\n\t\t\t\t<\/div>\n\t\t\t\t\t<\/div>\n\t\t<\/div>\n\t\t\t\t<div class=\"elementor-column elementor-col-33 elementor-inner-column elementor-element elementor-element-261f945\" data-id=\"261f945\" data-element_type=\"column\" data-e-type=\"column\">\n\t\t\t<div class=\"elementor-widget-wrap elementor-element-populated\">\n\t\t\t\t\t\t<div class=\"elementor-element elementor-element-dbbdca3 elementor-widget elementor-widget-text-editor\" data-id=\"dbbdca3\" data-element_type=\"widget\" data-e-type=\"widget\" data-widget_type=\"text-editor.default\">\n\t\t\t\t<div class=\"elementor-widget-container\">\n\t\t\t\t\t\t\t\t\tMore than a lead producer\t\t\t\t\t\t\t\t<\/div>\n\t\t\t\t<\/div>\n\t\t\t\t<div class=\"elementor-element elementor-element-909ca62 elementor-widget elementor-widget-text-editor\" data-id=\"909ca62\" data-element_type=\"widget\" data-e-type=\"widget\" data-widget_type=\"text-editor.default\">\n\t\t\t\t<div class=\"elementor-widget-container\">\n\t\t\t\t\t\t\t\t\tJL Goslar GmbH has over 110 years of expertise in the processing of lead, tin and their alloys. We manufacture specialized technological products for international industry. The long-standing metallurgical and physical know-how in the processing and application of lead, tin and their alloys is the central competence of JL. Today, we are active in three strategic business segments:\t\t\t\t\t\t\t\t<\/div>\n\t\t\t\t<\/div>\n\t\t\t\t<div class=\"elementor-element elementor-element-d1be32d elementor-widget elementor-widget-text-editor\" data-id=\"d1be32d\" data-element_type=\"widget\" data-e-type=\"widget\" data-widget_type=\"text-editor.default\">\n\t\t\t\t<div class=\"elementor-widget-container\">\n\t\t\t\t\t\t\t\t\t<ul class=\"certificate-list-container\" style=\"padding: 0 10%; margin: 0;\">\n \t<li style=\"color: #007c89;\">Radiation protection &amp; semi-finished products<\/li>\n \t<li style=\"color: #007c89;\">Apparatus engineering lead \/ steel<\/li>\n \t<li style=\"color: #007c89;\">Anodes for metal extraction<\/li>\n<\/ul>\t\t\t\t\t\t\t\t<\/div>\n\t\t\t\t<\/div>\n\t\t\t\t<div class=\"elementor-element elementor-element-5898fe5 elementor-widget elementor-widget-text-editor\" data-id=\"5898fe5\" data-element_type=\"widget\" data-e-type=\"widget\" data-widget_type=\"text-editor.default\">\n\t\t\t\t<div class=\"elementor-widget-container\">\n\t\t\t\t\t\t\t\t\t<p>A large part of our sales we generate with high-quality specialized products: Radiation protection for industrial CT systems and systems and equipment in medical technology, apparatus, containers and process technology for low-level radioactive substances, transport containers and containers for bromine and other hazardous substances, wet electrostatic precipitators and anodes for electroplating and surface finishing of stainless steel as well as anodes for metal production.<\/p>\t\t\t\t\t\t\t\t<\/div>\n\t\t\t\t<\/div>\n\t\t\t\t\t<\/div>\n\t\t<\/div>\n\t\t\t\t\t<\/div>\n\t\t<\/section>\n\t\t\t\t<section class=\"elementor-section elementor-inner-section elementor-element elementor-element-19c06d9 elementor-section-height-min-height elementor-section-content-top elementor-reverse-mobile elementor-section-boxed elementor-section-height-default qodef-elementor-content-no\" data-id=\"19c06d9\" data-element_type=\"section\" data-e-type=\"section\" data-settings=\"{&quot;_ha_eqh_enable&quot;:false}\">\n\t\t\t\t\t\t<div class=\"elementor-container elementor-column-gap-no\">\n\t\t\t\t\t<div class=\"elementor-column elementor-col-50 elementor-inner-column elementor-element elementor-element-d919e6c\" data-id=\"d919e6c\" data-element_type=\"column\" data-e-type=\"column\">\n\t\t\t<div class=\"elementor-widget-wrap elementor-element-populated\">\n\t\t\t\t\t\t<div class=\"elementor-element elementor-element-ed35f9f elementor-widget elementor-widget-heading\" data-id=\"ed35f9f\" data-element_type=\"widget\" data-e-type=\"widget\" data-widget_type=\"heading.default\">\n\t\t\t\t<div class=\"elementor-widget-container\">\n\t\t\t\t\t<h2 class=\"elementor-heading-title elementor-size-default\">Facts and figures\u00a0<\/h2>\t\t\t\t<\/div>\n\t\t\t\t<\/div>\n\t\t\t\t<div class=\"elementor-element elementor-element-bc2974a elementor-widget elementor-widget-text-editor\" data-id=\"bc2974a\" data-element_type=\"widget\" data-e-type=\"widget\" data-widget_type=\"text-editor.default\">\n\t\t\t\t<div class=\"elementor-widget-container\">\n\t\t\t\t\t\t\t\t\t<ul class=\"certificate-list-container\">\n \t<li>Lead lining of the world's largest lead lined autoclaves for gold production (4 x 780t)<\/li>\n \t<li>Over 3000 manufactured containers and assignment for storage and transport of nuclear waste<\/li>\n \t<li>More than 50,000 jumbo anodes manufactured and more than 300,000 anodes manufactured since 1967<\/li>\n \t<li>More than 330,000 recycled lead anodes<\/li>\n \t<li>Raw material recycling rate of our products from 99%<\/li>\n \t<li>Use of automated homogeneous lead lining since 1972<\/li>\n \t<li>Plants and components from 30g unit weight up to 130t<\/li>\n \t<li>More than 50 years of experience in the construction of containers for hazardous goods<\/li>\n \t<li>Development and delivery of the first evaporator plant to China for liquid nuclear waste with a decontamination factor &gt;10e6<\/li>\n \t<li>Unique MSC (modified shrinking casting) casting process to avoid pores and blowholes in the construction of shielding for the nuclear sector<\/li>\n \t<li>Realisation of more than 50 large radiation protection cabins for industrial CT testing worldwide<\/li>\n \t<li>More than 26km of manufactured aluminium-lead composites for particle accelerators<\/li>\n \t<li>Over 200,000 neutrino lead bricks manufactured (1300t) for the OPERA project (CERN)<\/li>\n<\/ul>\t\t\t\t\t\t\t\t<\/div>\n\t\t\t\t<\/div>\n\t\t\t\t\t<\/div>\n\t\t<\/div>\n\t\t\t\t<div class=\"elementor-column elementor-col-50 elementor-inner-column elementor-element elementor-element-f78dd01 uu-subsectionsec3-cl2\" data-id=\"f78dd01\" data-element_type=\"column\" data-e-type=\"column\">\n\t\t\t<div class=\"elementor-widget-wrap elementor-element-populated\">\n\t\t\t\t\t\t<div class=\"elementor-element elementor-element-5b9828a uber-uns-pic elementor-widget elementor-widget-image\" data-id=\"5b9828a\" data-element_type=\"widget\" data-e-type=\"widget\" data-widget_type=\"image.default\">\n\t\t\t\t<div class=\"elementor-widget-container\">\n\t\t\t\t\t\t\t\t\t\t\t\t\t\t\t<img decoding=\"async\" width=\"2560\" height=\"1803\" src=\"https:\/\/jlgoslar.de\/wp-content\/uploads\/2022\/08\/Zahlen-Daten-Fakten-min-scaled.jpg\" class=\"attachment-full size-full wp-image-9761\" alt=\"\" srcset=\"https:\/\/jlgoslar.de\/wp-content\/uploads\/2022\/08\/Zahlen-Daten-Fakten-min-scaled.jpg 2560w, https:\/\/jlgoslar.de\/wp-content\/uploads\/2022\/08\/Zahlen-Daten-Fakten-min-300x211.jpg 300w, https:\/\/jlgoslar.de\/wp-content\/uploads\/2022\/08\/Zahlen-Daten-Fakten-min-1024x721.jpg 1024w, https:\/\/jlgoslar.de\/wp-content\/uploads\/2022\/08\/Zahlen-Daten-Fakten-min-768x541.jpg 768w, https:\/\/jlgoslar.de\/wp-content\/uploads\/2022\/08\/Zahlen-Daten-Fakten-min-1536x1082.jpg 1536w, https:\/\/jlgoslar.de\/wp-content\/uploads\/2022\/08\/Zahlen-Daten-Fakten-min-2048x1443.jpg 2048w\" sizes=\"(max-width: 2560px) 100vw, 2560px\" \/>\t\t\t\t\t\t\t\t\t\t\t\t\t\t\t<\/div>\n\t\t\t\t<\/div>\n\t\t\t\t\t<\/div>\n\t\t<\/div>\n\t\t\t\t\t<\/div>\n\t\t<\/section>\n\t\t\t\t\t<\/div>\n\t\t<\/div>\n\t\t\t\t\t<\/div>\n\t\t<\/section>\n\t\t\t\t<\/div>","protected":false},"excerpt":{"rendered":"<p>\u00dcber uns \u00dcber unsMehr als ein BleiverarbeiterDie JL Goslar GmbH ist seit mehr als einhundertzehn Jahren am Produktionsstandort Goslar als Experte f\u00fcr die Verarbeitung von Blei, Zinn und deren Legierungen bekannt. JL Goslar stellt technologische Spezialprodukte f\u00fcr die internationale Industrie her. Das langj\u00e4hrige metallurgische und physikalische Know-How in der Verarbeitung und der Anwendung von Blei, [&hellip;]<\/p>\n","protected":false},"author":1,"featured_media":0,"parent":0,"menu_order":0,"comment_status":"closed","ping_status":"closed","template":"page-full-width.php","meta":{"footnotes":""},"class_list":["post-5876","page","type-page","status-publish","hentry"],"yoast_head":"<!-- This site is optimized with the Yoast SEO plugin v27.3 - https:\/\/yoast.com\/product\/yoast-seo-wordpress\/ -->\n<title>\u00dcber uns - JL Goslar<\/title>\n<meta name=\"description\" content=\"Mehr als ein Bleiverarbeiter! Die JL Goslar GmbH ist seit mehr als einhundertzehn Jahren am Produktionsstandort Goslar als Experte f\u00fcr die Verarbeitung von Blei, Zinn und deren Legierungen bekannt.\" \/>\n<meta name=\"robots\" content=\"index, follow, max-snippet:-1, max-image-preview:large, max-video-preview:-1\" \/>\n<link rel=\"canonical\" href=\"https:\/\/jlgoslar.de\/en\/about-us\/\" \/>\n<meta property=\"og:locale\" content=\"en_GB\" \/>\n<meta property=\"og:type\" content=\"article\" \/>\n<meta property=\"og:title\" content=\"\u00dcber uns - JL Goslar\" \/>\n<meta property=\"og:description\" content=\"Mehr als ein Bleiverarbeiter! Die JL Goslar GmbH ist seit mehr als einhundertzehn Jahren am Produktionsstandort Goslar als Experte f\u00fcr die Verarbeitung von Blei, Zinn und deren Legierungen bekannt.\" \/>\n<meta property=\"og:url\" content=\"https:\/\/jlgoslar.de\/en\/about-us\/\" \/>\n<meta property=\"og:site_name\" content=\"JL Goslar\" \/>\n<meta property=\"article:modified_time\" content=\"2025-12-05T08:16:21+00:00\" \/>\n<meta property=\"og:image\" content=\"https:\/\/jlgoslar.de\/wp-content\/uploads\/2022\/09\/Stand_1zu1_Bild-1_neu2-scaled.jpg\" \/>\n\t<meta property=\"og:image:width\" content=\"2560\" \/>\n\t<meta property=\"og:image:height\" content=\"1779\" \/>\n\t<meta property=\"og:image:type\" content=\"image\/jpeg\" \/>\n<meta name=\"twitter:card\" content=\"summary_large_image\" \/>\n<meta name=\"twitter:label1\" content=\"Estimated reading time\" \/>\n\t<meta name=\"twitter:data1\" content=\"2 minutes\" \/>\n<script type=\"application\/ld+json\" class=\"yoast-schema-graph\">{\"@context\":\"https:\\\/\\\/schema.org\",\"@graph\":[{\"@type\":\"WebPage\",\"@id\":\"https:\\\/\\\/jlgoslar.de\\\/uber-uns\\\/\",\"url\":\"https:\\\/\\\/jlgoslar.de\\\/uber-uns\\\/\",\"name\":\"\u00dcber uns - JL Goslar\",\"isPartOf\":{\"@id\":\"https:\\\/\\\/jlgoslar.de\\\/#website\"},\"primaryImageOfPage\":{\"@id\":\"https:\\\/\\\/jlgoslar.de\\\/uber-uns\\\/#primaryimage\"},\"image\":{\"@id\":\"https:\\\/\\\/jlgoslar.de\\\/uber-uns\\\/#primaryimage\"},\"thumbnailUrl\":\"https:\\\/\\\/jlgoslar.de\\\/wp-content\\\/uploads\\\/2022\\\/09\\\/Stand_1zu1_Bild-1_neu2-scaled.jpg\",\"datePublished\":\"2022-03-25T16:07:49+00:00\",\"dateModified\":\"2025-12-05T08:16:21+00:00\",\"description\":\"Mehr als ein Bleiverarbeiter! Die JL Goslar GmbH ist seit mehr als einhundertzehn Jahren am Produktionsstandort Goslar als Experte f\u00fcr die Verarbeitung von Blei, Zinn und deren Legierungen bekannt.\",\"breadcrumb\":{\"@id\":\"https:\\\/\\\/jlgoslar.de\\\/uber-uns\\\/#breadcrumb\"},\"inLanguage\":\"en-GB\",\"potentialAction\":[{\"@type\":\"ReadAction\",\"target\":[\"https:\\\/\\\/jlgoslar.de\\\/uber-uns\\\/\"]}]},{\"@type\":\"ImageObject\",\"inLanguage\":\"en-GB\",\"@id\":\"https:\\\/\\\/jlgoslar.de\\\/uber-uns\\\/#primaryimage\",\"url\":\"https:\\\/\\\/jlgoslar.de\\\/wp-content\\\/uploads\\\/2022\\\/09\\\/Stand_1zu1_Bild-1_neu2-scaled.jpg\",\"contentUrl\":\"https:\\\/\\\/jlgoslar.de\\\/wp-content\\\/uploads\\\/2022\\\/09\\\/Stand_1zu1_Bild-1_neu2-scaled.jpg\"},{\"@type\":\"BreadcrumbList\",\"@id\":\"https:\\\/\\\/jlgoslar.de\\\/uber-uns\\\/#breadcrumb\",\"itemListElement\":[{\"@type\":\"ListItem\",\"position\":1,\"name\":\"Startseite\",\"item\":\"https:\\\/\\\/jlgoslar.de\\\/\"},{\"@type\":\"ListItem\",\"position\":2,\"name\":\"\u00dcber uns\"}]},{\"@type\":\"WebSite\",\"@id\":\"https:\\\/\\\/jlgoslar.de\\\/#website\",\"url\":\"https:\\\/\\\/jlgoslar.de\\\/\",\"name\":\"JL Goslar\",\"description\":\"JL Goslar\",\"publisher\":{\"@id\":\"https:\\\/\\\/jlgoslar.de\\\/#organization\"},\"potentialAction\":[{\"@type\":\"SearchAction\",\"target\":{\"@type\":\"EntryPoint\",\"urlTemplate\":\"https:\\\/\\\/jlgoslar.de\\\/?s={search_term_string}\"},\"query-input\":{\"@type\":\"PropertyValueSpecification\",\"valueRequired\":true,\"valueName\":\"search_term_string\"}}],\"inLanguage\":\"en-GB\"},{\"@type\":\"Organization\",\"@id\":\"https:\\\/\\\/jlgoslar.de\\\/#organization\",\"name\":\"JL Goslar\",\"url\":\"https:\\\/\\\/jlgoslar.de\\\/\",\"logo\":{\"@type\":\"ImageObject\",\"inLanguage\":\"en-GB\",\"@id\":\"https:\\\/\\\/jlgoslar.de\\\/#\\\/schema\\\/logo\\\/image\\\/\",\"url\":\"https:\\\/\\\/jlgoslar.de\\\/wp-content\\\/uploads\\\/2022\\\/05\\\/favicon-512-r.png\",\"contentUrl\":\"https:\\\/\\\/jlgoslar.de\\\/wp-content\\\/uploads\\\/2022\\\/05\\\/favicon-512-r.png\",\"width\":512,\"height\":512,\"caption\":\"JL Goslar\"},\"image\":{\"@id\":\"https:\\\/\\\/jlgoslar.de\\\/#\\\/schema\\\/logo\\\/image\\\/\"}}]}<\/script>\n<!-- \/ Yoast SEO plugin. -->","yoast_head_json":{"title":"About us - JL Goslar","description":"Mehr als ein Bleiverarbeiter! Die JL Goslar GmbH ist seit mehr als einhundertzehn Jahren am Produktionsstandort Goslar als Experte f\u00fcr die Verarbeitung von Blei, Zinn und deren Legierungen bekannt.","robots":{"index":"index","follow":"follow","max-snippet":"max-snippet:-1","max-image-preview":"max-image-preview:large","max-video-preview":"max-video-preview:-1"},"canonical":"https:\/\/jlgoslar.de\/en\/about-us\/","og_locale":"en_GB","og_type":"article","og_title":"\u00dcber uns - JL Goslar","og_description":"Mehr als ein Bleiverarbeiter! Die JL Goslar GmbH ist seit mehr als einhundertzehn Jahren am Produktionsstandort Goslar als Experte f\u00fcr die Verarbeitung von Blei, Zinn und deren Legierungen bekannt.","og_url":"https:\/\/jlgoslar.de\/en\/about-us\/","og_site_name":"JL Goslar","article_modified_time":"2025-12-05T08:16:21+00:00","og_image":[{"width":2560,"height":1779,"url":"https:\/\/jlgoslar.de\/wp-content\/uploads\/2022\/09\/Stand_1zu1_Bild-1_neu2-scaled.jpg","type":"image\/jpeg"}],"twitter_card":"summary_large_image","twitter_misc":{"Estimated reading time":"2 minutes"},"schema":{"@context":"https:\/\/schema.org","@graph":[{"@type":"WebPage","@id":"https:\/\/jlgoslar.de\/uber-uns\/","url":"https:\/\/jlgoslar.de\/uber-uns\/","name":"About us - JL Goslar","isPartOf":{"@id":"https:\/\/jlgoslar.de\/#website"},"primaryImageOfPage":{"@id":"https:\/\/jlgoslar.de\/uber-uns\/#primaryimage"},"image":{"@id":"https:\/\/jlgoslar.de\/uber-uns\/#primaryimage"},"thumbnailUrl":"https:\/\/jlgoslar.de\/wp-content\/uploads\/2022\/09\/Stand_1zu1_Bild-1_neu2-scaled.jpg","datePublished":"2022-03-25T16:07:49+00:00","dateModified":"2025-12-05T08:16:21+00:00","description":"Mehr als ein Bleiverarbeiter! Die JL Goslar GmbH ist seit mehr als einhundertzehn Jahren am Produktionsstandort Goslar als Experte f\u00fcr die Verarbeitung von Blei, Zinn und deren Legierungen bekannt.","breadcrumb":{"@id":"https:\/\/jlgoslar.de\/uber-uns\/#breadcrumb"},"inLanguage":"en-GB","potentialAction":[{"@type":"ReadAction","target":["https:\/\/jlgoslar.de\/uber-uns\/"]}]},{"@type":"ImageObject","inLanguage":"en-GB","@id":"https:\/\/jlgoslar.de\/uber-uns\/#primaryimage","url":"https:\/\/jlgoslar.de\/wp-content\/uploads\/2022\/09\/Stand_1zu1_Bild-1_neu2-scaled.jpg","contentUrl":"https:\/\/jlgoslar.de\/wp-content\/uploads\/2022\/09\/Stand_1zu1_Bild-1_neu2-scaled.jpg"},{"@type":"BreadcrumbList","@id":"https:\/\/jlgoslar.de\/uber-uns\/#breadcrumb","itemListElement":[{"@type":"ListItem","position":1,"name":"Startseite","item":"https:\/\/jlgoslar.de\/"},{"@type":"ListItem","position":2,"name":"\u00dcber uns"}]},{"@type":"WebSite","@id":"https:\/\/jlgoslar.de\/#website","url":"https:\/\/jlgoslar.de\/","name":"JL Goslar","description":"JL Goslar","publisher":{"@id":"https:\/\/jlgoslar.de\/#organization"},"potentialAction":[{"@type":"SearchAction","target":{"@type":"EntryPoint","urlTemplate":"https:\/\/jlgoslar.de\/?s={search_term_string}"},"query-input":{"@type":"PropertyValueSpecification","valueRequired":true,"valueName":"search_term_string"}}],"inLanguage":"en-GB"},{"@type":"Organization","@id":"https:\/\/jlgoslar.de\/#organization","name":"JL Goslar","url":"https:\/\/jlgoslar.de\/","logo":{"@type":"ImageObject","inLanguage":"en-GB","@id":"https:\/\/jlgoslar.de\/#\/schema\/logo\/image\/","url":"https:\/\/jlgoslar.de\/wp-content\/uploads\/2022\/05\/favicon-512-r.png","contentUrl":"https:\/\/jlgoslar.de\/wp-content\/uploads\/2022\/05\/favicon-512-r.png","width":512,"height":512,"caption":"JL Goslar"},"image":{"@id":"https:\/\/jlgoslar.de\/#\/schema\/logo\/image\/"}}]}},"_links":{"self":[{"href":"https:\/\/jlgoslar.de\/en\/wp-json\/wp\/v2\/pages\/5876","targetHints":{"allow":["GET"]}}],"collection":[{"href":"https:\/\/jlgoslar.de\/en\/wp-json\/wp\/v2\/pages"}],"about":[{"href":"https:\/\/jlgoslar.de\/en\/wp-json\/wp\/v2\/types\/page"}],"author":[{"embeddable":true,"href":"https:\/\/jlgoslar.de\/en\/wp-json\/wp\/v2\/users\/1"}],"replies":[{"embeddable":true,"href":"https:\/\/jlgoslar.de\/en\/wp-json\/wp\/v2\/comments?post=5876"}],"version-history":[{"count":0,"href":"https:\/\/jlgoslar.de\/en\/wp-json\/wp\/v2\/pages\/5876\/revisions"}],"wp:attachment":[{"href":"https:\/\/jlgoslar.de\/en\/wp-json\/wp\/v2\/media?parent=5876"}],"curies":[{"name":"wp","href":"https:\/\/api.w.org\/{rel}","templated":true}]}}