{"id":9336,"date":"2022-08-02T09:25:19","date_gmt":"2022-08-02T07:25:19","guid":{"rendered":"http:\/\/relaunch.jlgoslar.de\/?page_id=9336"},"modified":"2026-04-17T13:38:00","modified_gmt":"2026-04-17T11:38:00","slug":"nachweise-und-zertifikate","status":"publish","type":"page","link":"https:\/\/jlgoslar.de\/en\/nachweise-und-zertifikate\/","title":{"rendered":"Verifications and certificates\u00a0"},"content":{"rendered":"<div data-elementor-type=\"wp-page\" data-elementor-id=\"9336\" class=\"elementor elementor-9336\" data-elementor-settings=\"{&quot;ha_cmc_init_switcher&quot;:&quot;no&quot;}\">\n\t\t\t\t\t\t<section class=\"elementor-section elementor-top-section elementor-element elementor-element-fee5a95 elementor-section-full_width elementor-section-height-min-height elementor-section-items-bottom elementor-section-height-default qodef-elementor-content-no\" data-id=\"fee5a95\" data-element_type=\"section\" data-e-type=\"section\" id=\"uu-sc1\" data-settings=\"{&quot;background_background&quot;:&quot;classic&quot;,&quot;_ha_eqh_enable&quot;:false}\">\n\t\t\t\t\t\t<div class=\"elementor-container elementor-column-gap-default\">\n\t\t\t\t\t<div class=\"elementor-column elementor-col-100 elementor-top-column elementor-element elementor-element-3c254806\" data-id=\"3c254806\" data-element_type=\"column\" data-e-type=\"column\">\n\t\t\t<div class=\"elementor-widget-wrap elementor-element-populated\">\n\t\t\t\t\t\t<section class=\"elementor-section elementor-inner-section elementor-element elementor-element-64512994 title-two-line-page-mobile elementor-section-boxed elementor-section-height-default elementor-section-height-default qodef-elementor-content-no\" data-id=\"64512994\" data-element_type=\"section\" data-e-type=\"section\" id=\"uber-uns-title\" data-settings=\"{&quot;_ha_eqh_enable&quot;:false}\">\n\t\t\t\t\t\t<div class=\"elementor-container elementor-column-gap-no\">\n\t\t\t\t\t<div class=\"elementor-column elementor-col-100 elementor-inner-column elementor-element elementor-element-7e660423\" data-id=\"7e660423\" data-element_type=\"column\" data-e-type=\"column\">\n\t\t\t<div class=\"elementor-widget-wrap elementor-element-populated\">\n\t\t\t\t\t\t<div class=\"elementor-element elementor-element-1b47a266 elementor-widget elementor-widget-heading\" data-id=\"1b47a266\" data-element_type=\"widget\" data-e-type=\"widget\" data-widget_type=\"heading.default\">\n\t\t\t\t<div class=\"elementor-widget-container\">\n\t\t\t\t\t<h2 class=\"elementor-heading-title elementor-size-default\">Verifications and certificates\u00a0<\/h2>\t\t\t\t<\/div>\n\t\t\t\t<\/div>\n\t\t\t\t\t<\/div>\n\t\t<\/div>\n\t\t\t\t\t<\/div>\n\t\t<\/section>\n\t\t\t\t\t<\/div>\n\t\t<\/div>\n\t\t\t\t\t<\/div>\n\t\t<\/section>\n\t\t\t\t<section class=\"elementor-section elementor-top-section elementor-element elementor-element-2d0ea69 qodef-elementor-content-grid sections-mobile elementor-section-boxed elementor-section-height-default elementor-section-height-default\" data-id=\"2d0ea69\" data-element_type=\"section\" data-e-type=\"section\" id=\"section-3\" data-settings=\"{&quot;background_background&quot;:&quot;classic&quot;,&quot;_ha_eqh_enable&quot;:false}\">\n\t\t\t\t\t\t<div class=\"elementor-container elementor-column-gap-no\">\n\t\t\t\t\t<div class=\"elementor-column elementor-col-100 elementor-top-column elementor-element elementor-element-50a864f4\" data-id=\"50a864f4\" data-element_type=\"column\" data-e-type=\"column\">\n\t\t\t<div class=\"elementor-widget-wrap elementor-element-populated\">\n\t\t\t\t\t\t<section class=\"elementor-section elementor-inner-section elementor-element elementor-element-5cf6aa3e elementor-section-full_width elementor-section-height-default elementor-section-height-default qodef-elementor-content-no\" data-id=\"5cf6aa3e\" data-element_type=\"section\" data-e-type=\"section\" data-settings=\"{&quot;_ha_eqh_enable&quot;:false}\">\n\t\t\t\t\t\t<div class=\"elementor-container elementor-column-gap-no\">\n\t\t\t\t\t<div class=\"elementor-column elementor-col-100 elementor-inner-column elementor-element elementor-element-1d766b82\" data-id=\"1d766b82\" data-element_type=\"column\" data-e-type=\"column\">\n\t\t\t<div class=\"elementor-widget-wrap elementor-element-populated\">\n\t\t\t\t\t\t<div class=\"elementor-element elementor-element-414b3a7 elementor-widget elementor-widget-image\" data-id=\"414b3a7\" data-element_type=\"widget\" data-e-type=\"widget\" data-widget_type=\"image.default\">\n\t\t\t\t<div class=\"elementor-widget-container\">\n\t\t\t\t\t\t\t\t\t\t\t\t\t\t\t<img decoding=\"async\" src=\"https:\/\/jlgoslar.de\/wp-content\/uploads\/elementor\/thumbs\/Nachweise-und-Zertifikate-min-scaled-q1tgvsw5cvxedfkbqwlw5qln9f2jaopwhz6n8e1rfk.jpg\" title=\"Verifications and certificates -min\" alt=\"Verifications and certificates -min\" loading=\"lazy\" \/>\t\t\t\t\t\t\t\t\t\t\t\t\t\t\t<\/div>\n\t\t\t\t<\/div>\n\t\t\t\t\t<\/div>\n\t\t<\/div>\n\t\t\t\t\t<\/div>\n\t\t<\/section>\n\t\t\t\t<section class=\"elementor-section elementor-inner-section elementor-element elementor-element-6d01ed86 elementor-section-content-top elementor-section-full_width elementor-section-height-default elementor-section-height-default qodef-elementor-content-no\" data-id=\"6d01ed86\" data-element_type=\"section\" data-e-type=\"section\" data-settings=\"{&quot;_ha_eqh_enable&quot;:false}\">\n\t\t\t\t\t\t<div class=\"elementor-container elementor-column-gap-no\">\n\t\t\t\t\t<div class=\"elementor-column elementor-col-50 elementor-inner-column elementor-element elementor-element-468a59a6\" data-id=\"468a59a6\" data-element_type=\"column\" data-e-type=\"column\">\n\t\t\t<div class=\"elementor-widget-wrap elementor-element-populated\">\n\t\t\t\t\t\t<div class=\"elementor-element elementor-element-71fee2dc uber-uns-vertical-text elementor-widget elementor-widget-text-editor\" data-id=\"71fee2dc\" data-element_type=\"widget\" data-e-type=\"widget\" data-widget_type=\"text-editor.default\">\n\t\t\t\t<div class=\"elementor-widget-container\">\n\t\t\t\t\t\t\t\t\tVerifications and certificates\t\t\t\t\t\t\t\t<\/div>\n\t\t\t\t<\/div>\n\t\t\t\t\t<\/div>\n\t\t<\/div>\n\t\t\t\t<div class=\"elementor-column elementor-col-50 elementor-inner-column elementor-element elementor-element-46626985\" data-id=\"46626985\" data-element_type=\"column\" data-e-type=\"column\">\n\t\t\t<div class=\"elementor-widget-wrap elementor-element-populated\">\n\t\t\t\t\t\t<div class=\"elementor-element elementor-element-2e34b8a2 elementor-widget elementor-widget-text-editor\" data-id=\"2e34b8a2\" data-element_type=\"widget\" data-e-type=\"widget\" data-widget_type=\"text-editor.default\">\n\t\t\t\t<div class=\"elementor-widget-container\">\n\t\t\t\t\t\t\t\t\tDiscover our services\t\t\t\t\t\t\t\t<\/div>\n\t\t\t\t<\/div>\n\t\t\t\t<div class=\"elementor-element elementor-element-2d09e8ed elementor-widget elementor-widget-text-editor\" data-id=\"2d09e8ed\" data-element_type=\"widget\" data-e-type=\"widget\" data-widget_type=\"text-editor.default\">\n\t\t\t\t<div class=\"elementor-widget-container\">\n\t\t\t\t\t\t\t\t\t<p>Auflistung vorhandener Zulassungen und Genehmigungen\u00a0<\/p>\t\t\t\t\t\t\t\t<\/div>\n\t\t\t\t<\/div>\n\t\t\t\t<div class=\"elementor-element elementor-element-4db4669 elementor-widget elementor-widget-text-editor\" data-id=\"4db4669\" data-element_type=\"widget\" data-e-type=\"widget\" data-widget_type=\"text-editor.default\">\n\t\t\t\t<div class=\"elementor-widget-container\">\n\t\t\t\t\t\t\t\t\t<ul class=\"certificate-list-container\"><li>ISO-9001 |\u00a0<a class=\"certifcate-links\" href=\"https:\/\/jlgoslar.de\/wp-content\/uploads\/2024\/06\/1a-9001-dt-2023.pdf\" target=\"_blank\" rel=\"noopener\">EN<\/a> &#8211; <a class=\"certifcate-links\" href=\"https:\/\/jlgoslar.de\/wp-content\/uploads\/2024\/06\/1b-9001-en-2023.pdf\" target=\"_blank\" rel=\"noopener\">EN<\/a><\/li><li>ISO 14001 JLG |\u00a0<a class=\"certifcate-links\" href=\"https:\/\/jlgoslar.de\/wp-content\/uploads\/2024\/06\/2a-14001-JLG-dt-2023.pdf\" target=\"_blank\" rel=\"noopener\">EN<\/a> &#8211; <a class=\"certifcate-links\" href=\"https:\/\/jlgoslar.de\/wp-content\/uploads\/2024\/06\/2b-14001-JLG-en-2023.pdf\" target=\"_blank\" rel=\"noopener\">EN<\/a><\/li><li>ISO 1090 Welding |\u00a0<a class=\"certifcate-links\" href=\"https:\/\/jlgoslar.de\/wp-content\/uploads\/2026\/04\/3a-ISO-1090-Schweisen-2023-dt.pdf\" target=\"_blank\" rel=\"noopener\">EN <\/a>&#8211; <a href=\"https:\/\/jlgoslar.de\/wp-content\/uploads\/2026\/04\/3b-ISO-1090-Schweisen-2023-en.pdf\">EN<\/a><\/li><li>Pressure vessel PED | <a href=\"https:\/\/jlgoslar.de\/wp-content\/uploads\/2026\/04\/4a-Druckbehalter-DGRL-26.pdf\">EN<\/a> &#8211; <a class=\"certifcate-links\" href=\"https:\/\/jlgoslar.de\/wp-content\/uploads\/2026\/04\/4a-Druckbehalter-DGRL-26-Eng_.pdf\" target=\"_blank\" rel=\"noopener\">EN<\/a><\/li><li>Pressure vessel DIN EN ISO 3834-2 |\u00a0<a class=\"certifcate-links\" href=\"https:\/\/jlgoslar.de\/wp-content\/uploads\/2026\/04\/4b-Druckbehalter-DIN-EN-ISO-3834-2-26.pdf\" target=\"_blank\" rel=\"noopener\">EN<\/a> &#8211; <a href=\"https:\/\/jlgoslar.de\/wp-content\/uploads\/2026\/04\/4b-Druckbehalter-DIN-EN-ISO-3834-2-26-Eng_.pdf\">EN<\/a><\/li><li>Pressure vessel HP0-HP100R |\u00a0<a class=\"certifcate-links\" href=\"https:\/\/jlgoslar.de\/wp-content\/uploads\/2026\/04\/4c-Druckbehalter-HP0-26.pdf\" target=\"_blank\" rel=\"noopener\">EN<\/a> &#8211; <a href=\"https:\/\/jlgoslar.de\/wp-content\/uploads\/2026\/04\/4c-Druckbehalter-HP0-26-Eng_.pdf\">EN<\/a><\/li><li>T\u00dcV restamping authorisation |\u00a0<a class=\"certifcate-links\" href=\"https:\/\/jlgoslar.de\/wp-content\/uploads\/2024\/08\/5-TUV-Umstempelberechtigung-190824-unbefristet-gultig.pdf\" target=\"_blank\" rel=\"noopener\">EN<\/a><\/li><li>GL approval for welding |\u00a0<a class=\"certifcate-links\" href=\"https:\/\/jlgoslar.de\/wp-content\/uploads\/2024\/11\/6-GL-Zulassung-zum-Schweisen-2023-engl.pdf\" target=\"_blank\" rel=\"noopener\">EN<\/a><\/li><li>BAM welding approval according to ADR |\u00a0<a class=\"certifcate-links\" href=\"https:\/\/jlgoslar.de\/wp-content\/uploads\/2024\/06\/7a-ADR-RID-U-Reparatur-Schweisbetrieb-Zertifikat-deu-eng-2026.pdf\" target=\"_blank\" rel=\"noopener\">EN<\/a><\/li><li>ADR RID \u00dc-repair welding company |\u00a0<a class=\"certifcate-links\" href=\"https:\/\/jlgoslar.de\/wp-content\/uploads\/2022\/08\/7b-_ADR_RID_UE-Reparatur-Schweissbetrieb_deu_eng_2020.pdf\" target=\"_blank\" rel=\"noopener\">EN<\/a> &#8211; <a class=\"certifcate-links\" href=\"https:\/\/jlgoslar.de\/wp-content\/uploads\/2022\/08\/7b-_ADR_RID_UE-Reparatur-Schweissbetrieb_deu_eng_2020.pdf\" target=\"_blank\" rel=\"noopener\">EN<\/a><\/li><li>ADR RID \u00dc-repair welding company |\u00a0<a class=\"certifcate-links\" href=\"https:\/\/jlgoslar.de\/wp-content\/uploads\/2022\/08\/7c-_ADR_RID_UE-Reparatur-Schweissbetrieb_deu_eng_Pruefbericht_2020.pdf\" target=\"_blank\" rel=\"noopener\">EN<\/a> &#8211; <a class=\"certifcate-links\" href=\"https:\/\/jlgoslar.de\/wp-content\/uploads\/2022\/08\/7c-_ADR_RID_UE-Reparatur-Schweissbetrieb_deu_eng_Pruefbericht_2020.pdf\" target=\"_blank\" rel=\"noopener\">EN<\/a><\/li><li>Specialist company according to WHG |\u00a0<a class=\"certifcate-links\" href=\"https:\/\/jlgoslar.de\/wp-content\/uploads\/2025\/06\/Zertifikat-WHG-Fachbetrieb-gultig-bis-Juni-2027.pdf\" target=\"_blank\" rel=\"noopener\">EN<\/a><\/li><li>Manufacturer approval for packagings for the carriage of radioactive material<\/li><\/ul>\t\t\t\t\t\t\t\t<\/div>\n\t\t\t\t<\/div>\n\t\t\t\t\t<\/div>\n\t\t<\/div>\n\t\t\t\t\t<\/div>\n\t\t<\/section>\n\t\t\t\t\t<\/div>\n\t\t<\/div>\n\t\t\t\t\t<\/div>\n\t\t<\/section>\n\t\t\t\t<section class=\"elementor-section elementor-top-section elementor-element elementor-element-3494d37 qodef-elementor-content-grid elementor-section-full_width elementor-section-height-default elementor-section-height-default\" data-id=\"3494d37\" data-element_type=\"section\" data-e-type=\"section\" id=\"section-6-1440\" data-settings=\"{&quot;background_background&quot;:&quot;classic&quot;,&quot;_ha_eqh_enable&quot;:false}\">\n\t\t\t\t\t\t\t<div class=\"elementor-background-overlay\"><\/div>\n\t\t\t\t\t\t\t<div class=\"elementor-container elementor-column-gap-no\">\n\t\t\t\t\t<div class=\"elementor-column elementor-col-100 elementor-top-column elementor-element elementor-element-48014b7d\" data-id=\"48014b7d\" data-element_type=\"column\" data-e-type=\"column\">\n\t\t\t<div class=\"elementor-widget-wrap elementor-element-populated\">\n\t\t\t\t\t\t<section class=\"elementor-section elementor-inner-section elementor-element elementor-element-43de5f8 elementor-section-height-min-height subsection-max-width-1440 elementor-section-boxed elementor-section-height-default qodef-elementor-content-no\" data-id=\"43de5f8\" data-element_type=\"section\" data-e-type=\"section\" data-settings=\"{&quot;_ha_eqh_enable&quot;:false}\">\n\t\t\t\t\t\t<div class=\"elementor-container elementor-column-gap-no\">\n\t\t\t\t\t<div class=\"elementor-column elementor-col-25 elementor-inner-column elementor-element elementor-element-215dc5da\" data-id=\"215dc5da\" data-element_type=\"column\" data-e-type=\"column\">\n\t\t\t<div class=\"elementor-widget-wrap elementor-element-populated\">\n\t\t\t\t\t\t<div class=\"elementor-element elementor-element-4703974e elementor-widget elementor-widget-text-editor\" data-id=\"4703974e\" data-element_type=\"widget\" data-e-type=\"widget\" data-widget_type=\"text-editor.default\">\n\t\t\t\t<div class=\"elementor-widget-container\">\n\t\t\t\t\t\t\t\t\tWe look forward to hearing from you\t\t\t\t\t\t\t\t<\/div>\n\t\t\t\t<\/div>\n\t\t\t\t\t<\/div>\n\t\t<\/div>\n\t\t\t\t<div class=\"elementor-column elementor-col-25 elementor-inner-column elementor-element elementor-element-608e706e\" data-id=\"608e706e\" data-element_type=\"column\" data-e-type=\"column\">\n\t\t\t<div class=\"elementor-widget-wrap elementor-element-populated\">\n\t\t\t\t\t\t<div class=\"elementor-element elementor-element-e815d elementor-button-danger elementor-align-right elementor-laptop-align-left elementor-widescreen-align-left btn-hover elementor-tablet-align-right elementor-mobile-align-center elementor-widget elementor-widget-button\" data-id=\"e815d\" data-element_type=\"widget\" data-e-type=\"widget\" data-widget_type=\"button.default\">\n\t\t\t\t<div class=\"elementor-widget-container\">\n\t\t\t\t\t\t\t\t\t<div class=\"elementor-button-wrapper\">\n\t\t\t\t\t<a class=\"elementor-button elementor-button-link elementor-size-sm\" href=\"https:\/\/jlgoslar.de\/en\/contact\/\" id=\"hg-1440-kontakt-btn\">\n\t\t\t\t\t\t<span class=\"elementor-button-content-wrapper\">\n\t\t\t\t\t\t<span class=\"elementor-button-icon\">\n\t\t\t\t<i aria-hidden=\"true\" class=\"hm hm-arrow-right1\"><\/i>\t\t\t<\/span>\n\t\t\t\t\t\t\t\t\t<span class=\"elementor-button-text\">CONTACT<\/span>\n\t\t\t\t\t<\/span>\n\t\t\t\t\t<\/a>\n\t\t\t\t<\/div>\n\t\t\t\t\t\t\t\t<\/div>\n\t\t\t\t<\/div>\n\t\t\t\t\t<\/div>\n\t\t<\/div>\n\t\t\t\t<div class=\"elementor-column elementor-col-25 elementor-inner-column elementor-element elementor-element-5a81e78f\" data-id=\"5a81e78f\" data-element_type=\"column\" data-e-type=\"column\">\n\t\t\t<div class=\"elementor-widget-wrap\">\n\t\t\t\t\t\t\t<\/div>\n\t\t<\/div>\n\t\t\t\t<div class=\"elementor-column elementor-col-25 elementor-inner-column elementor-element elementor-element-7a79b745\" data-id=\"7a79b745\" data-element_type=\"column\" data-e-type=\"column\">\n\t\t\t<div class=\"elementor-widget-wrap\">\n\t\t\t\t\t\t\t<\/div>\n\t\t<\/div>\n\t\t\t\t\t<\/div>\n\t\t<\/section>\n\t\t\t\t\t<\/div>\n\t\t<\/div>\n\t\t\t\t\t<\/div>\n\t\t<\/section>\n\t\t\t\t<\/div>","protected":false},"excerpt":{"rendered":"<p>Nachweise und Zertifikate\u00a0 Nachweise und ZertifikateEntdecken Sie unsere Leistungen Auflistung vorhandener Zulassungen und Genehmigungen\u00a0 ISO-9001 |\u00a0DE &#8211; EN ISO 14001 JLG |\u00a0DE &#8211; EN ISO 1090 Schwei\u00dfen |\u00a0DE &#8211; EN Druckbeh\u00e4lter DGRL | DE &#8211; EN Druckbeh\u00e4lter DIN EN ISO 3834-2 |\u00a0DE &#8211; EN Druckbeh\u00e4lter HP0-HP100R |\u00a0DE &#8211; EN T\u00dcV- Umstempelberechtigung |\u00a0DE GL-Zulassung zum Schwei\u00dfen [&hellip;]<\/p>\n","protected":false},"author":1,"featured_media":0,"parent":0,"menu_order":0,"comment_status":"closed","ping_status":"closed","template":"page-full-width.php","meta":{"footnotes":""},"class_list":["post-9336","page","type-page","status-publish","hentry"],"yoast_head":"<!-- This site is optimized with the Yoast SEO plugin v27.3 - https:\/\/yoast.com\/product\/yoast-seo-wordpress\/ -->\n<title>Nachweise und Zertifikate\u00a0 - JL Goslar<\/title>\n<meta name=\"description\" content=\"Entdecken Sie hier eine \u00dcbersicht unserer aktuellen Zulassungen und Genehmigungen, die unsere hohen Standards in Qualit\u00e4t und Sicherheit best\u00e4tigen.\" \/>\n<meta name=\"robots\" content=\"index, follow, max-snippet:-1, max-image-preview:large, max-video-preview:-1\" \/>\n<link rel=\"canonical\" href=\"https:\/\/jlgoslar.de\/en\/verifications-and-certificates\/\" \/>\n<meta property=\"og:locale\" content=\"en_GB\" \/>\n<meta property=\"og:type\" content=\"article\" \/>\n<meta property=\"og:title\" content=\"Nachweise und Zertifikate\u00a0 - JL Goslar\" \/>\n<meta property=\"og:description\" content=\"Entdecken Sie hier eine \u00dcbersicht unserer aktuellen Zulassungen und Genehmigungen, die unsere hohen Standards in Qualit\u00e4t und Sicherheit best\u00e4tigen.\" \/>\n<meta property=\"og:url\" content=\"https:\/\/jlgoslar.de\/en\/verifications-and-certificates\/\" \/>\n<meta property=\"og:site_name\" content=\"JL Goslar\" \/>\n<meta property=\"article:modified_time\" content=\"2026-04-17T11:38:00+00:00\" \/>\n<meta property=\"og:image\" content=\"https:\/\/jlgoslar.de\/wp-content\/uploads\/elementor\/thumbs\/Nachweise-und-Zertifikate-min-scaled-q1tgvsw5cvxedfkbqwlw5qln9f2jaopwhz6n8e1rfk.jpg\" \/>\n<meta name=\"twitter:card\" content=\"summary_large_image\" \/>\n<meta name=\"twitter:label1\" content=\"Estimated reading time\" \/>\n\t<meta name=\"twitter:data1\" content=\"1 minute\" \/>\n<script type=\"application\/ld+json\" class=\"yoast-schema-graph\">{\"@context\":\"https:\\\/\\\/schema.org\",\"@graph\":[{\"@type\":\"WebPage\",\"@id\":\"https:\\\/\\\/jlgoslar.de\\\/nachweise-und-zertifikate\\\/\",\"url\":\"https:\\\/\\\/jlgoslar.de\\\/nachweise-und-zertifikate\\\/\",\"name\":\"Nachweise und Zertifikate\u00a0 - JL Goslar\",\"isPartOf\":{\"@id\":\"https:\\\/\\\/jlgoslar.de\\\/#website\"},\"primaryImageOfPage\":{\"@id\":\"https:\\\/\\\/jlgoslar.de\\\/nachweise-und-zertifikate\\\/#primaryimage\"},\"image\":{\"@id\":\"https:\\\/\\\/jlgoslar.de\\\/nachweise-und-zertifikate\\\/#primaryimage\"},\"thumbnailUrl\":\"https:\\\/\\\/jlgoslar.de\\\/wp-content\\\/uploads\\\/elementor\\\/thumbs\\\/Nachweise-und-Zertifikate-min-scaled-q1tgvsw5cvxedfkbqwlw5qln9f2jaopwhz6n8e1rfk.jpg\",\"datePublished\":\"2022-08-02T07:25:19+00:00\",\"dateModified\":\"2026-04-17T11:38:00+00:00\",\"description\":\"Entdecken Sie hier eine \u00dcbersicht unserer aktuellen Zulassungen und Genehmigungen, die unsere hohen Standards in Qualit\u00e4t und Sicherheit best\u00e4tigen.\",\"breadcrumb\":{\"@id\":\"https:\\\/\\\/jlgoslar.de\\\/nachweise-und-zertifikate\\\/#breadcrumb\"},\"inLanguage\":\"en-GB\",\"potentialAction\":[{\"@type\":\"ReadAction\",\"target\":[\"https:\\\/\\\/jlgoslar.de\\\/nachweise-und-zertifikate\\\/\"]}]},{\"@type\":\"ImageObject\",\"inLanguage\":\"en-GB\",\"@id\":\"https:\\\/\\\/jlgoslar.de\\\/nachweise-und-zertifikate\\\/#primaryimage\",\"url\":\"https:\\\/\\\/jlgoslar.de\\\/wp-content\\\/uploads\\\/elementor\\\/thumbs\\\/Nachweise-und-Zertifikate-min-scaled-q1tgvsw5cvxedfkbqwlw5qln9f2jaopwhz6n8e1rfk.jpg\",\"contentUrl\":\"https:\\\/\\\/jlgoslar.de\\\/wp-content\\\/uploads\\\/elementor\\\/thumbs\\\/Nachweise-und-Zertifikate-min-scaled-q1tgvsw5cvxedfkbqwlw5qln9f2jaopwhz6n8e1rfk.jpg\"},{\"@type\":\"BreadcrumbList\",\"@id\":\"https:\\\/\\\/jlgoslar.de\\\/nachweise-und-zertifikate\\\/#breadcrumb\",\"itemListElement\":[{\"@type\":\"ListItem\",\"position\":1,\"name\":\"Startseite\",\"item\":\"https:\\\/\\\/jlgoslar.de\\\/\"},{\"@type\":\"ListItem\",\"position\":2,\"name\":\"Nachweise und Zertifikate\u00a0\"}]},{\"@type\":\"WebSite\",\"@id\":\"https:\\\/\\\/jlgoslar.de\\\/#website\",\"url\":\"https:\\\/\\\/jlgoslar.de\\\/\",\"name\":\"JL Goslar\",\"description\":\"JL Goslar\",\"publisher\":{\"@id\":\"https:\\\/\\\/jlgoslar.de\\\/#organization\"},\"potentialAction\":[{\"@type\":\"SearchAction\",\"target\":{\"@type\":\"EntryPoint\",\"urlTemplate\":\"https:\\\/\\\/jlgoslar.de\\\/?s={search_term_string}\"},\"query-input\":{\"@type\":\"PropertyValueSpecification\",\"valueRequired\":true,\"valueName\":\"search_term_string\"}}],\"inLanguage\":\"en-GB\"},{\"@type\":\"Organization\",\"@id\":\"https:\\\/\\\/jlgoslar.de\\\/#organization\",\"name\":\"JL Goslar\",\"url\":\"https:\\\/\\\/jlgoslar.de\\\/\",\"logo\":{\"@type\":\"ImageObject\",\"inLanguage\":\"en-GB\",\"@id\":\"https:\\\/\\\/jlgoslar.de\\\/#\\\/schema\\\/logo\\\/image\\\/\",\"url\":\"https:\\\/\\\/jlgoslar.de\\\/wp-content\\\/uploads\\\/2022\\\/05\\\/favicon-512-r.png\",\"contentUrl\":\"https:\\\/\\\/jlgoslar.de\\\/wp-content\\\/uploads\\\/2022\\\/05\\\/favicon-512-r.png\",\"width\":512,\"height\":512,\"caption\":\"JL Goslar\"},\"image\":{\"@id\":\"https:\\\/\\\/jlgoslar.de\\\/#\\\/schema\\\/logo\\\/image\\\/\"}}]}<\/script>\n<!-- \/ Yoast SEO plugin. -->","yoast_head_json":{"title":"Verifications and certificates - JL Goslar","description":"Entdecken Sie hier eine \u00dcbersicht unserer aktuellen Zulassungen und Genehmigungen, die unsere hohen Standards in Qualit\u00e4t und Sicherheit best\u00e4tigen.","robots":{"index":"index","follow":"follow","max-snippet":"max-snippet:-1","max-image-preview":"max-image-preview:large","max-video-preview":"max-video-preview:-1"},"canonical":"https:\/\/jlgoslar.de\/en\/verifications-and-certificates\/","og_locale":"en_GB","og_type":"article","og_title":"Nachweise und Zertifikate\u00a0 - JL Goslar","og_description":"Entdecken Sie hier eine \u00dcbersicht unserer aktuellen Zulassungen und Genehmigungen, die unsere hohen Standards in Qualit\u00e4t und Sicherheit best\u00e4tigen.","og_url":"https:\/\/jlgoslar.de\/en\/verifications-and-certificates\/","og_site_name":"JL Goslar","article_modified_time":"2026-04-17T11:38:00+00:00","og_image":[{"url":"https:\/\/jlgoslar.de\/wp-content\/uploads\/elementor\/thumbs\/Nachweise-und-Zertifikate-min-scaled-q1tgvsw5cvxedfkbqwlw5qln9f2jaopwhz6n8e1rfk.jpg","type":"","width":"","height":""}],"twitter_card":"summary_large_image","twitter_misc":{"Estimated reading time":"1 minute"},"schema":{"@context":"https:\/\/schema.org","@graph":[{"@type":"WebPage","@id":"https:\/\/jlgoslar.de\/nachweise-und-zertifikate\/","url":"https:\/\/jlgoslar.de\/nachweise-und-zertifikate\/","name":"Verifications and certificates - JL Goslar","isPartOf":{"@id":"https:\/\/jlgoslar.de\/#website"},"primaryImageOfPage":{"@id":"https:\/\/jlgoslar.de\/nachweise-und-zertifikate\/#primaryimage"},"image":{"@id":"https:\/\/jlgoslar.de\/nachweise-und-zertifikate\/#primaryimage"},"thumbnailUrl":"https:\/\/jlgoslar.de\/wp-content\/uploads\/elementor\/thumbs\/Nachweise-und-Zertifikate-min-scaled-q1tgvsw5cvxedfkbqwlw5qln9f2jaopwhz6n8e1rfk.jpg","datePublished":"2022-08-02T07:25:19+00:00","dateModified":"2026-04-17T11:38:00+00:00","description":"Entdecken Sie hier eine \u00dcbersicht unserer aktuellen Zulassungen und Genehmigungen, die unsere hohen Standards in Qualit\u00e4t und Sicherheit best\u00e4tigen.","breadcrumb":{"@id":"https:\/\/jlgoslar.de\/nachweise-und-zertifikate\/#breadcrumb"},"inLanguage":"en-GB","potentialAction":[{"@type":"ReadAction","target":["https:\/\/jlgoslar.de\/nachweise-und-zertifikate\/"]}]},{"@type":"ImageObject","inLanguage":"en-GB","@id":"https:\/\/jlgoslar.de\/nachweise-und-zertifikate\/#primaryimage","url":"https:\/\/jlgoslar.de\/wp-content\/uploads\/elementor\/thumbs\/Nachweise-und-Zertifikate-min-scaled-q1tgvsw5cvxedfkbqwlw5qln9f2jaopwhz6n8e1rfk.jpg","contentUrl":"https:\/\/jlgoslar.de\/wp-content\/uploads\/elementor\/thumbs\/Nachweise-und-Zertifikate-min-scaled-q1tgvsw5cvxedfkbqwlw5qln9f2jaopwhz6n8e1rfk.jpg"},{"@type":"BreadcrumbList","@id":"https:\/\/jlgoslar.de\/nachweise-und-zertifikate\/#breadcrumb","itemListElement":[{"@type":"ListItem","position":1,"name":"Startseite","item":"https:\/\/jlgoslar.de\/"},{"@type":"ListItem","position":2,"name":"Nachweise und Zertifikate\u00a0"}]},{"@type":"WebSite","@id":"https:\/\/jlgoslar.de\/#website","url":"https:\/\/jlgoslar.de\/","name":"JL Goslar","description":"JL Goslar","publisher":{"@id":"https:\/\/jlgoslar.de\/#organization"},"potentialAction":[{"@type":"SearchAction","target":{"@type":"EntryPoint","urlTemplate":"https:\/\/jlgoslar.de\/?s={search_term_string}"},"query-input":{"@type":"PropertyValueSpecification","valueRequired":true,"valueName":"search_term_string"}}],"inLanguage":"en-GB"},{"@type":"Organization","@id":"https:\/\/jlgoslar.de\/#organization","name":"JL Goslar","url":"https:\/\/jlgoslar.de\/","logo":{"@type":"ImageObject","inLanguage":"en-GB","@id":"https:\/\/jlgoslar.de\/#\/schema\/logo\/image\/","url":"https:\/\/jlgoslar.de\/wp-content\/uploads\/2022\/05\/favicon-512-r.png","contentUrl":"https:\/\/jlgoslar.de\/wp-content\/uploads\/2022\/05\/favicon-512-r.png","width":512,"height":512,"caption":"JL Goslar"},"image":{"@id":"https:\/\/jlgoslar.de\/#\/schema\/logo\/image\/"}}]}},"_links":{"self":[{"href":"https:\/\/jlgoslar.de\/en\/wp-json\/wp\/v2\/pages\/9336","targetHints":{"allow":["GET"]}}],"collection":[{"href":"https:\/\/jlgoslar.de\/en\/wp-json\/wp\/v2\/pages"}],"about":[{"href":"https:\/\/jlgoslar.de\/en\/wp-json\/wp\/v2\/types\/page"}],"author":[{"embeddable":true,"href":"https:\/\/jlgoslar.de\/en\/wp-json\/wp\/v2\/users\/1"}],"replies":[{"embeddable":true,"href":"https:\/\/jlgoslar.de\/en\/wp-json\/wp\/v2\/comments?post=9336"}],"version-history":[{"count":9,"href":"https:\/\/jlgoslar.de\/en\/wp-json\/wp\/v2\/pages\/9336\/revisions"}],"predecessor-version":[{"id":15776,"href":"https:\/\/jlgoslar.de\/en\/wp-json\/wp\/v2\/pages\/9336\/revisions\/15776"}],"wp:attachment":[{"href":"https:\/\/jlgoslar.de\/en\/wp-json\/wp\/v2\/media?parent=9336"}],"curies":[{"name":"wp","href":"https:\/\/api.w.org\/{rel}","templated":true}]}}