{"id":9397,"date":"2022-08-02T10:36:50","date_gmt":"2022-08-02T08:36:50","guid":{"rendered":"http:\/\/relaunch.jlgoslar.de\/?page_id=9397"},"modified":"2023-10-09T20:42:27","modified_gmt":"2023-10-09T18:42:27","slug":"qualitat","status":"publish","type":"page","link":"https:\/\/jlgoslar.de\/en\/qualitat\/","title":{"rendered":"Quality"},"content":{"rendered":"<div data-elementor-type=\"wp-page\" data-elementor-id=\"9397\" class=\"elementor elementor-9397\" data-elementor-settings=\"{&quot;ha_cmc_init_switcher&quot;:&quot;no&quot;}\">\n\t\t\t\t\t\t<section class=\"elementor-section elementor-top-section elementor-element elementor-element-6598879 elementor-section-full_width elementor-section-height-min-height elementor-section-items-bottom elementor-section-height-default qodef-elementor-content-no\" data-id=\"6598879\" data-element_type=\"section\" data-e-type=\"section\" id=\"uu-sc1\" data-settings=\"{&quot;background_background&quot;:&quot;classic&quot;,&quot;_ha_eqh_enable&quot;:false}\">\n\t\t\t\t\t\t<div class=\"elementor-container elementor-column-gap-default\">\n\t\t\t\t\t<div class=\"elementor-column elementor-col-100 elementor-top-column elementor-element elementor-element-5560bdea\" data-id=\"5560bdea\" data-element_type=\"column\" data-e-type=\"column\">\n\t\t\t<div class=\"elementor-widget-wrap elementor-element-populated\">\n\t\t\t\t\t\t<section class=\"elementor-section elementor-inner-section elementor-element elementor-element-522d5c48 title-one-line-page-mobile elementor-section-boxed elementor-section-height-default elementor-section-height-default qodef-elementor-content-no\" data-id=\"522d5c48\" data-element_type=\"section\" data-e-type=\"section\" id=\"uber-uns-title\" data-settings=\"{&quot;_ha_eqh_enable&quot;:false}\">\n\t\t\t\t\t\t<div class=\"elementor-container elementor-column-gap-no\">\n\t\t\t\t\t<div class=\"elementor-column elementor-col-100 elementor-inner-column elementor-element elementor-element-38c4d735\" data-id=\"38c4d735\" data-element_type=\"column\" data-e-type=\"column\">\n\t\t\t<div class=\"elementor-widget-wrap elementor-element-populated\">\n\t\t\t\t\t\t<div class=\"elementor-element elementor-element-77e397ab elementor-widget elementor-widget-heading\" data-id=\"77e397ab\" data-element_type=\"widget\" data-e-type=\"widget\" data-widget_type=\"heading.default\">\n\t\t\t\t<div class=\"elementor-widget-container\">\n\t\t\t\t\t<h2 class=\"elementor-heading-title elementor-size-default\">Quality, environment and sustainability<\/h2>\t\t\t\t<\/div>\n\t\t\t\t<\/div>\n\t\t\t\t\t<\/div>\n\t\t<\/div>\n\t\t\t\t\t<\/div>\n\t\t<\/section>\n\t\t\t\t\t<\/div>\n\t\t<\/div>\n\t\t\t\t\t<\/div>\n\t\t<\/section>\n\t\t\t\t<section class=\"elementor-section elementor-top-section elementor-element elementor-element-2d0ea69 qodef-elementor-content-grid sections-mobile elementor-section-boxed elementor-section-height-default elementor-section-height-default\" data-id=\"2d0ea69\" data-element_type=\"section\" data-e-type=\"section\" id=\"section-3\" data-settings=\"{&quot;background_background&quot;:&quot;classic&quot;,&quot;_ha_eqh_enable&quot;:false}\">\n\t\t\t\t\t\t<div class=\"elementor-container elementor-column-gap-no\">\n\t\t\t\t\t<div class=\"elementor-column elementor-col-100 elementor-top-column elementor-element elementor-element-50a864f4\" data-id=\"50a864f4\" data-element_type=\"column\" data-e-type=\"column\">\n\t\t\t<div class=\"elementor-widget-wrap elementor-element-populated\">\n\t\t\t\t\t\t<section class=\"elementor-section elementor-inner-section elementor-element elementor-element-6d01ed86 elementor-section-content-top elementor-section-full_width elementor-section-height-default elementor-section-height-default qodef-elementor-content-no\" data-id=\"6d01ed86\" data-element_type=\"section\" data-e-type=\"section\" data-settings=\"{&quot;_ha_eqh_enable&quot;:false}\">\n\t\t\t\t\t\t<div class=\"elementor-container elementor-column-gap-no\">\n\t\t\t\t\t<div class=\"elementor-column elementor-col-50 elementor-inner-column elementor-element elementor-element-468a59a6\" data-id=\"468a59a6\" data-element_type=\"column\" data-e-type=\"column\">\n\t\t\t<div class=\"elementor-widget-wrap elementor-element-populated\">\n\t\t\t\t\t\t<div class=\"elementor-element elementor-element-71fee2dc uber-uns-vertical-text elementor-widget elementor-widget-text-editor\" data-id=\"71fee2dc\" data-element_type=\"widget\" data-e-type=\"widget\" data-widget_type=\"text-editor.default\">\n\t\t\t\t<div class=\"elementor-widget-container\">\n\t\t\t\t\t\t\t\t\tQuality, environment and sustainability\t\t\t\t\t\t\t\t<\/div>\n\t\t\t\t<\/div>\n\t\t\t\t\t<\/div>\n\t\t<\/div>\n\t\t\t\t<div class=\"elementor-column elementor-col-50 elementor-inner-column elementor-element elementor-element-46626985\" data-id=\"46626985\" data-element_type=\"column\" data-e-type=\"column\">\n\t\t\t<div class=\"elementor-widget-wrap elementor-element-populated\">\n\t\t\t\t\t\t<div class=\"elementor-element elementor-element-2e34b8a2 elementor-widget elementor-widget-text-editor\" data-id=\"2e34b8a2\" data-element_type=\"widget\" data-e-type=\"widget\" data-widget_type=\"text-editor.default\">\n\t\t\t\t<div class=\"elementor-widget-container\">\n\t\t\t\t\t\t\t\t\tQuality\t\t\t\t\t\t\t\t<\/div>\n\t\t\t\t<\/div>\n\t\t\t\t<div class=\"elementor-element elementor-element-56f8352 paragraph-space elementor-widget elementor-widget-text-editor\" data-id=\"56f8352\" data-element_type=\"widget\" data-e-type=\"widget\" data-widget_type=\"text-editor.default\">\n\t\t\t\t<div class=\"elementor-widget-container\">\n\t\t\t\t\t\t\t\t\tSafety for product and application: JL Goslar introduced a certified quality assurance system as early as 1994.\t\t\t\t\t\t\t\t<\/div>\n\t\t\t\t<\/div>\n\t\t\t\t<div class=\"elementor-element elementor-element-4cefaca paragraph-space elementor-widget elementor-widget-text-editor\" data-id=\"4cefaca\" data-element_type=\"widget\" data-e-type=\"widget\" data-widget_type=\"text-editor.default\">\n\t\t\t\t<div class=\"elementor-widget-container\">\n\t\t\t\t\t\t\t\t\tJL Goslar's quality management system has been certified in accordance with the new process-orientated standard DIN EN ISO 9001:2015 since 2004.\nThe system is being further developed and adapted in a continuous improvement process.\t\t\t\t\t\t\t\t<\/div>\n\t\t\t\t<\/div>\n\t\t\t\t<div class=\"elementor-element elementor-element-d239366 paragraph-space elementor-widget elementor-widget-text-editor\" data-id=\"d239366\" data-element_type=\"widget\" data-e-type=\"widget\" data-widget_type=\"text-editor.default\">\n\t\t\t\t<div class=\"elementor-widget-container\">\n\t\t\t\t\t\t\t\t\tWith the aim of installing an integrated management system that meets the requirements of quality, environmental protection and occupational safety in equal measure, we have firmly anchored an environmental quality management system in all processes and structures since the mid-1990s. Consequently, the environmental management system was also certified according to the international environmental standard DIN EN ISO 14001 in 2014.\t\t\t\t\t\t\t\t<\/div>\n\t\t\t\t<\/div>\n\t\t\t\t<div class=\"elementor-element elementor-element-0c0a50b elementor-widget elementor-widget-text-editor\" data-id=\"0c0a50b\" data-element_type=\"widget\" data-e-type=\"widget\" data-widget_type=\"text-editor.default\">\n\t\t\t\t<div class=\"elementor-widget-container\">\n\t\t\t\t\t\t\t\t\tEnvironmental protection and sustainability\n\t\t\t\t\t\t\t\t<\/div>\n\t\t\t\t<\/div>\n\t\t\t\t<div class=\"elementor-element elementor-element-44fa898 paragraph-space elementor-widget elementor-widget-text-editor\" data-id=\"44fa898\" data-element_type=\"widget\" data-e-type=\"widget\" data-widget_type=\"text-editor.default\">\n\t\t\t\t<div class=\"elementor-widget-container\">\n\t\t\t\t\t\t\t\t\tResponsible use of resources and recycling has long been of great importance to us. Because recycling minimises the need to extract further resources from the earth, extends the life of existing resources and enables a complete cycle.\u00a0\n\t\t\t\t\t\t\t\t<\/div>\n\t\t\t\t<\/div>\n\t\t\t\t<div class=\"elementor-element elementor-element-27760ca paragraph-space elementor-widget elementor-widget-text-editor\" data-id=\"27760ca\" data-element_type=\"widget\" data-e-type=\"widget\" data-widget_type=\"text-editor.default\">\n\t\t\t\t<div class=\"elementor-widget-container\">\n\t\t\t\t\t\t\t\t\tLead has the highest recycling rate of all common metals. This is the result of the metal's physicochemical properties and the product design, which makes lead-based products easy to identify and economical to collect and recycle.\u00a0\u00a0\n\t\t\t\t\t\t\t\t<\/div>\n\t\t\t\t<\/div>\n\t\t\t\t<div class=\"elementor-element elementor-element-fb91524 paragraph-space elementor-widget elementor-widget-text-editor\" data-id=\"fb91524\" data-element_type=\"widget\" data-e-type=\"widget\" data-widget_type=\"text-editor.default\">\n\t\t\t\t<div class=\"elementor-widget-container\">\n\t\t\t\t\t\t\t\t\tLead and its alloy are particularly durable. Many of our products are in use for decades and can be reintroduced into the cycle at the end of their life. This makes them particularly environmentally friendly and also makes economic sense. Resource use and waste production, emissions and energy waste are minimised by consistently closing energy and material cycles.\u00a0\n\t\t\t\t\t\t\t\t<\/div>\n\t\t\t\t<\/div>\n\t\t\t\t<div class=\"elementor-element elementor-element-911d4a8 paragraph-space elementor-widget elementor-widget-text-editor\" data-id=\"911d4a8\" data-element_type=\"widget\" data-e-type=\"widget\" data-widget_type=\"text-editor.default\">\n\t\t\t\t<div class=\"elementor-widget-container\">\n\t\t\t\t\t\t\t\t\tThe low melting point of lead and its alloys allows recycling with minimal environmental impact and greenhouse gas generation than many other materials.\u00a0\n\t\t\t\t\t\t\t\t<\/div>\n\t\t\t\t<\/div>\n\t\t\t\t<div class=\"elementor-element elementor-element-d99edbc paragraph-space elementor-widget elementor-widget-text-editor\" data-id=\"d99edbc\" data-element_type=\"widget\" data-e-type=\"widget\" data-widget_type=\"text-editor.default\">\n\t\t\t\t<div class=\"elementor-widget-container\">\n\t\t\t\t\t\t\t\t\tRecovery and processing take place in a well-established, resource- and energy-saving cycle. The residual metals produced in our production processes are collected by type. Metals that cannot be reused as feedstock are remelted into high-quality raw materials in our partners' smelting plants. We are proud of our raw material recycling rate of 99%.\u00a0\n\t\t\t\t\t\t\t\t<\/div>\n\t\t\t\t<\/div>\n\t\t\t\t\t<\/div>\n\t\t<\/div>\n\t\t\t\t\t<\/div>\n\t\t<\/section>\n\t\t\t\t\t<\/div>\n\t\t<\/div>\n\t\t\t\t\t<\/div>\n\t\t<\/section>\n\t\t\t\t<section class=\"elementor-section elementor-top-section elementor-element elementor-element-ac19ec4 qodef-elementor-content-grid elementor-section-full_width elementor-section-height-default elementor-section-height-default\" data-id=\"ac19ec4\" data-element_type=\"section\" data-e-type=\"section\" id=\"section-6-1440\" data-settings=\"{&quot;background_background&quot;:&quot;classic&quot;,&quot;_ha_eqh_enable&quot;:false}\">\n\t\t\t\t\t\t\t<div class=\"elementor-background-overlay\"><\/div>\n\t\t\t\t\t\t\t<div class=\"elementor-container elementor-column-gap-no\">\n\t\t\t\t\t<div class=\"elementor-column elementor-col-100 elementor-top-column elementor-element elementor-element-4022c998\" data-id=\"4022c998\" data-element_type=\"column\" data-e-type=\"column\">\n\t\t\t<div class=\"elementor-widget-wrap elementor-element-populated\">\n\t\t\t\t\t\t<section class=\"elementor-section elementor-inner-section elementor-element elementor-element-4e5cae6e elementor-section-height-min-height subsection-max-width-1440 elementor-section-boxed elementor-section-height-default qodef-elementor-content-no\" data-id=\"4e5cae6e\" data-element_type=\"section\" data-e-type=\"section\" data-settings=\"{&quot;_ha_eqh_enable&quot;:false}\">\n\t\t\t\t\t\t<div class=\"elementor-container elementor-column-gap-no\">\n\t\t\t\t\t<div class=\"elementor-column elementor-col-25 elementor-inner-column elementor-element elementor-element-7b32b0a3\" data-id=\"7b32b0a3\" data-element_type=\"column\" data-e-type=\"column\">\n\t\t\t<div class=\"elementor-widget-wrap elementor-element-populated\">\n\t\t\t\t\t\t<div class=\"elementor-element elementor-element-d38838 elementor-widget elementor-widget-text-editor\" data-id=\"d38838\" data-element_type=\"widget\" data-e-type=\"widget\" data-widget_type=\"text-editor.default\">\n\t\t\t\t<div class=\"elementor-widget-container\">\n\t\t\t\t\t\t\t\t\tWe look forward to hearing from you\t\t\t\t\t\t\t\t<\/div>\n\t\t\t\t<\/div>\n\t\t\t\t\t<\/div>\n\t\t<\/div>\n\t\t\t\t<div class=\"elementor-column elementor-col-25 elementor-inner-column elementor-element elementor-element-410cc168\" data-id=\"410cc168\" data-element_type=\"column\" data-e-type=\"column\">\n\t\t\t<div class=\"elementor-widget-wrap elementor-element-populated\">\n\t\t\t\t\t\t<div class=\"elementor-element elementor-element-4941f1ac elementor-button-danger elementor-align-right elementor-laptop-align-left elementor-widescreen-align-left btn-hover elementor-tablet-align-right elementor-mobile-align-center elementor-widget elementor-widget-button\" data-id=\"4941f1ac\" data-element_type=\"widget\" data-e-type=\"widget\" data-widget_type=\"button.default\">\n\t\t\t\t<div class=\"elementor-widget-container\">\n\t\t\t\t\t\t\t\t\t<div class=\"elementor-button-wrapper\">\n\t\t\t\t\t<a class=\"elementor-button elementor-button-link elementor-size-sm\" href=\"https:\/\/jlgoslar.de\/en\/contact\/\" id=\"hg-1440-kontakt-btn\">\n\t\t\t\t\t\t<span class=\"elementor-button-content-wrapper\">\n\t\t\t\t\t\t<span class=\"elementor-button-icon\">\n\t\t\t\t<i aria-hidden=\"true\" class=\"hm hm-arrow-right1\"><\/i>\t\t\t<\/span>\n\t\t\t\t\t\t\t\t\t<span class=\"elementor-button-text\">CONTACT<\/span>\n\t\t\t\t\t<\/span>\n\t\t\t\t\t<\/a>\n\t\t\t\t<\/div>\n\t\t\t\t\t\t\t\t<\/div>\n\t\t\t\t<\/div>\n\t\t\t\t\t<\/div>\n\t\t<\/div>\n\t\t\t\t<div class=\"elementor-column elementor-col-25 elementor-inner-column elementor-element elementor-element-f6ccf7f\" data-id=\"f6ccf7f\" data-element_type=\"column\" data-e-type=\"column\">\n\t\t\t<div class=\"elementor-widget-wrap\">\n\t\t\t\t\t\t\t<\/div>\n\t\t<\/div>\n\t\t\t\t<div class=\"elementor-column elementor-col-25 elementor-inner-column elementor-element elementor-element-7e6bd23b\" data-id=\"7e6bd23b\" data-element_type=\"column\" data-e-type=\"column\">\n\t\t\t<div class=\"elementor-widget-wrap\">\n\t\t\t\t\t\t\t<\/div>\n\t\t<\/div>\n\t\t\t\t\t<\/div>\n\t\t<\/section>\n\t\t\t\t\t<\/div>\n\t\t<\/div>\n\t\t\t\t\t<\/div>\n\t\t<\/section>\n\t\t\t\t<\/div>","protected":false},"excerpt":{"rendered":"<p>Qualit\u00e4t, Umweltschutz und Nachhaltigkeit Qualit\u00e4t, Umweltschutz und NachhaltigkeitQualit\u00e4tSicherheit f\u00fcr Produkt und Anwendung: Bereits 1994 hat JL Goslar ein zertifiziertes Qualit\u00e4tssicherungssystem eingef\u00fchrt.Seit 2004 ist das Qualit\u00e4tsmanagementsystem von JL Goslar nach der neuen prozessorientierten Norm DIN EN ISO ISO 9001:2015 zertifiziert. Das System wird in einem st\u00e4ndigen Verbesserungsprozess weiter entwickelt und angepasst.Mit dem Ziel, ein integriertes Managementsystem [&hellip;]<\/p>\n","protected":false},"author":1,"featured_media":0,"parent":0,"menu_order":0,"comment_status":"closed","ping_status":"closed","template":"page-full-width.php","meta":{"footnotes":""},"class_list":["post-9397","page","type-page","status-publish","hentry"],"yoast_head":"<!-- This site is optimized with the Yoast SEO plugin v27.3 - https:\/\/yoast.com\/product\/yoast-seo-wordpress\/ -->\n<title>Qualit\u00e4t, Umweltschutz und Nachhaltigkeit - JL Goslar<\/title>\n<meta name=\"description\" content=\"Verantwortungsbewusster Umgang mit Ressourcen und Recycling ist f\u00fcr uns seit langem von gro\u00dfer Bedeutung. Zudem stehen Sicherheit f\u00fcr Produkt und Anwendung bei uns an erster Stelle.\" \/>\n<meta name=\"robots\" content=\"index, follow, max-snippet:-1, max-image-preview:large, max-video-preview:-1\" \/>\n<link rel=\"canonical\" href=\"https:\/\/jlgoslar.de\/en\/quality\/\" \/>\n<meta property=\"og:locale\" content=\"en_GB\" \/>\n<meta property=\"og:type\" content=\"article\" \/>\n<meta property=\"og:title\" content=\"Qualit\u00e4t, Umweltschutz und Nachhaltigkeit - JL Goslar\" \/>\n<meta property=\"og:description\" content=\"Verantwortungsbewusster Umgang mit Ressourcen und Recycling ist f\u00fcr uns seit langem von gro\u00dfer Bedeutung. Zudem stehen Sicherheit f\u00fcr Produkt und Anwendung bei uns an erster Stelle.\" \/>\n<meta property=\"og:url\" content=\"https:\/\/jlgoslar.de\/en\/quality\/\" \/>\n<meta property=\"og:site_name\" content=\"JL Goslar\" \/>\n<meta property=\"article:modified_time\" content=\"2023-10-09T18:42:27+00:00\" \/>\n<meta property=\"og:image\" content=\"https:\/\/jlgoslar.de\/wp-content\/uploads\/2021\/12\/LogoBlue.png\" \/>\n\t<meta property=\"og:image:width\" content=\"1343\" \/>\n\t<meta property=\"og:image:height\" content=\"1343\" \/>\n\t<meta property=\"og:image:type\" content=\"image\/png\" \/>\n<meta name=\"twitter:card\" content=\"summary_large_image\" \/>\n<meta name=\"twitter:label1\" content=\"Estimated reading time\" \/>\n\t<meta name=\"twitter:data1\" content=\"2 minutes\" \/>\n<script type=\"application\/ld+json\" class=\"yoast-schema-graph\">{\"@context\":\"https:\\\/\\\/schema.org\",\"@graph\":[{\"@type\":\"WebPage\",\"@id\":\"https:\\\/\\\/jlgoslar.de\\\/qualitat\\\/\",\"url\":\"https:\\\/\\\/jlgoslar.de\\\/qualitat\\\/\",\"name\":\"Qualit\u00e4t, Umweltschutz und Nachhaltigkeit - JL Goslar\",\"isPartOf\":{\"@id\":\"https:\\\/\\\/jlgoslar.de\\\/#website\"},\"datePublished\":\"2022-08-02T08:36:50+00:00\",\"dateModified\":\"2023-10-09T18:42:27+00:00\",\"description\":\"Verantwortungsbewusster Umgang mit Ressourcen und Recycling ist f\u00fcr uns seit langem von gro\u00dfer Bedeutung. Zudem stehen Sicherheit f\u00fcr Produkt und Anwendung bei uns an erster Stelle.\",\"breadcrumb\":{\"@id\":\"https:\\\/\\\/jlgoslar.de\\\/qualitat\\\/#breadcrumb\"},\"inLanguage\":\"en-GB\",\"potentialAction\":[{\"@type\":\"ReadAction\",\"target\":[\"https:\\\/\\\/jlgoslar.de\\\/qualitat\\\/\"]}]},{\"@type\":\"BreadcrumbList\",\"@id\":\"https:\\\/\\\/jlgoslar.de\\\/qualitat\\\/#breadcrumb\",\"itemListElement\":[{\"@type\":\"ListItem\",\"position\":1,\"name\":\"Startseite\",\"item\":\"https:\\\/\\\/jlgoslar.de\\\/\"},{\"@type\":\"ListItem\",\"position\":2,\"name\":\"Qualit\u00e4t\"}]},{\"@type\":\"WebSite\",\"@id\":\"https:\\\/\\\/jlgoslar.de\\\/#website\",\"url\":\"https:\\\/\\\/jlgoslar.de\\\/\",\"name\":\"JL Goslar\",\"description\":\"JL Goslar\",\"publisher\":{\"@id\":\"https:\\\/\\\/jlgoslar.de\\\/#organization\"},\"potentialAction\":[{\"@type\":\"SearchAction\",\"target\":{\"@type\":\"EntryPoint\",\"urlTemplate\":\"https:\\\/\\\/jlgoslar.de\\\/?s={search_term_string}\"},\"query-input\":{\"@type\":\"PropertyValueSpecification\",\"valueRequired\":true,\"valueName\":\"search_term_string\"}}],\"inLanguage\":\"en-GB\"},{\"@type\":\"Organization\",\"@id\":\"https:\\\/\\\/jlgoslar.de\\\/#organization\",\"name\":\"JL Goslar\",\"url\":\"https:\\\/\\\/jlgoslar.de\\\/\",\"logo\":{\"@type\":\"ImageObject\",\"inLanguage\":\"en-GB\",\"@id\":\"https:\\\/\\\/jlgoslar.de\\\/#\\\/schema\\\/logo\\\/image\\\/\",\"url\":\"https:\\\/\\\/jlgoslar.de\\\/wp-content\\\/uploads\\\/2022\\\/05\\\/favicon-512-r.png\",\"contentUrl\":\"https:\\\/\\\/jlgoslar.de\\\/wp-content\\\/uploads\\\/2022\\\/05\\\/favicon-512-r.png\",\"width\":512,\"height\":512,\"caption\":\"JL Goslar\"},\"image\":{\"@id\":\"https:\\\/\\\/jlgoslar.de\\\/#\\\/schema\\\/logo\\\/image\\\/\"}}]}<\/script>\n<!-- \/ Yoast SEO plugin. -->","yoast_head_json":{"title":"Quality, environmental protection and sustainability - JL Goslar","description":"Verantwortungsbewusster Umgang mit Ressourcen und Recycling ist f\u00fcr uns seit langem von gro\u00dfer Bedeutung. Zudem stehen Sicherheit f\u00fcr Produkt und Anwendung bei uns an erster Stelle.","robots":{"index":"index","follow":"follow","max-snippet":"max-snippet:-1","max-image-preview":"max-image-preview:large","max-video-preview":"max-video-preview:-1"},"canonical":"https:\/\/jlgoslar.de\/en\/quality\/","og_locale":"en_GB","og_type":"article","og_title":"Qualit\u00e4t, Umweltschutz und Nachhaltigkeit - JL Goslar","og_description":"Verantwortungsbewusster Umgang mit Ressourcen und Recycling ist f\u00fcr uns seit langem von gro\u00dfer Bedeutung. Zudem stehen Sicherheit f\u00fcr Produkt und Anwendung bei uns an erster Stelle.","og_url":"https:\/\/jlgoslar.de\/en\/quality\/","og_site_name":"JL Goslar","article_modified_time":"2023-10-09T18:42:27+00:00","og_image":[{"width":1343,"height":1343,"url":"https:\/\/jlgoslar.de\/wp-content\/uploads\/2021\/12\/LogoBlue.png","type":"image\/png"}],"twitter_card":"summary_large_image","twitter_misc":{"Estimated reading time":"2 minutes"},"schema":{"@context":"https:\/\/schema.org","@graph":[{"@type":"WebPage","@id":"https:\/\/jlgoslar.de\/qualitat\/","url":"https:\/\/jlgoslar.de\/qualitat\/","name":"Quality, environmental protection and sustainability - JL Goslar","isPartOf":{"@id":"https:\/\/jlgoslar.de\/#website"},"datePublished":"2022-08-02T08:36:50+00:00","dateModified":"2023-10-09T18:42:27+00:00","description":"Verantwortungsbewusster Umgang mit Ressourcen und Recycling ist f\u00fcr uns seit langem von gro\u00dfer Bedeutung. Zudem stehen Sicherheit f\u00fcr Produkt und Anwendung bei uns an erster Stelle.","breadcrumb":{"@id":"https:\/\/jlgoslar.de\/qualitat\/#breadcrumb"},"inLanguage":"en-GB","potentialAction":[{"@type":"ReadAction","target":["https:\/\/jlgoslar.de\/qualitat\/"]}]},{"@type":"BreadcrumbList","@id":"https:\/\/jlgoslar.de\/qualitat\/#breadcrumb","itemListElement":[{"@type":"ListItem","position":1,"name":"Startseite","item":"https:\/\/jlgoslar.de\/"},{"@type":"ListItem","position":2,"name":"Qualit\u00e4t"}]},{"@type":"WebSite","@id":"https:\/\/jlgoslar.de\/#website","url":"https:\/\/jlgoslar.de\/","name":"JL Goslar","description":"JL Goslar","publisher":{"@id":"https:\/\/jlgoslar.de\/#organization"},"potentialAction":[{"@type":"SearchAction","target":{"@type":"EntryPoint","urlTemplate":"https:\/\/jlgoslar.de\/?s={search_term_string}"},"query-input":{"@type":"PropertyValueSpecification","valueRequired":true,"valueName":"search_term_string"}}],"inLanguage":"en-GB"},{"@type":"Organization","@id":"https:\/\/jlgoslar.de\/#organization","name":"JL Goslar","url":"https:\/\/jlgoslar.de\/","logo":{"@type":"ImageObject","inLanguage":"en-GB","@id":"https:\/\/jlgoslar.de\/#\/schema\/logo\/image\/","url":"https:\/\/jlgoslar.de\/wp-content\/uploads\/2022\/05\/favicon-512-r.png","contentUrl":"https:\/\/jlgoslar.de\/wp-content\/uploads\/2022\/05\/favicon-512-r.png","width":512,"height":512,"caption":"JL Goslar"},"image":{"@id":"https:\/\/jlgoslar.de\/#\/schema\/logo\/image\/"}}]}},"_links":{"self":[{"href":"https:\/\/jlgoslar.de\/en\/wp-json\/wp\/v2\/pages\/9397","targetHints":{"allow":["GET"]}}],"collection":[{"href":"https:\/\/jlgoslar.de\/en\/wp-json\/wp\/v2\/pages"}],"about":[{"href":"https:\/\/jlgoslar.de\/en\/wp-json\/wp\/v2\/types\/page"}],"author":[{"embeddable":true,"href":"https:\/\/jlgoslar.de\/en\/wp-json\/wp\/v2\/users\/1"}],"replies":[{"embeddable":true,"href":"https:\/\/jlgoslar.de\/en\/wp-json\/wp\/v2\/comments?post=9397"}],"version-history":[{"count":0,"href":"https:\/\/jlgoslar.de\/en\/wp-json\/wp\/v2\/pages\/9397\/revisions"}],"wp:attachment":[{"href":"https:\/\/jlgoslar.de\/en\/wp-json\/wp\/v2\/media?parent=9397"}],"curies":[{"name":"wp","href":"https:\/\/api.w.org\/{rel}","templated":true}]}}