{"id":9475,"date":"2022-08-02T12:26:18","date_gmt":"2022-08-02T10:26:18","guid":{"rendered":"http:\/\/relaunch.jlgoslar.de\/?page_id=9475"},"modified":"2025-10-14T13:32:11","modified_gmt":"2025-10-14T11:32:11","slug":"halbzeuge","status":"publish","type":"page","link":"https:\/\/jlgoslar.de\/en\/halbzeuge\/","title":{"rendered":"Semi-finished products"},"content":{"rendered":"<div data-elementor-type=\"wp-page\" data-elementor-id=\"9475\" class=\"elementor elementor-9475\" data-elementor-settings=\"{&quot;ha_cmc_init_switcher&quot;:&quot;no&quot;}\">\n\t\t\t\t\t\t<section class=\"elementor-section elementor-top-section elementor-element elementor-element-291f5a0 elementor-section-full_width elementor-section-height-min-height elementor-section-items-bottom elementor-section-height-default qodef-elementor-content-no\" data-id=\"291f5a0\" data-element_type=\"section\" data-e-type=\"section\" id=\"uu-sc1\" data-settings=\"{&quot;background_background&quot;:&quot;classic&quot;,&quot;_ha_eqh_enable&quot;:false}\">\n\t\t\t\t\t\t<div class=\"elementor-container elementor-column-gap-default\">\n\t\t\t\t\t<div class=\"elementor-column elementor-col-100 elementor-top-column elementor-element elementor-element-12553c8f\" data-id=\"12553c8f\" data-element_type=\"column\" data-e-type=\"column\">\n\t\t\t<div class=\"elementor-widget-wrap elementor-element-populated\">\n\t\t\t\t\t\t<section class=\"elementor-section elementor-inner-section elementor-element elementor-element-5b0581ae title-one-line-page-mobile elementor-section-boxed elementor-section-height-default elementor-section-height-default qodef-elementor-content-no\" data-id=\"5b0581ae\" data-element_type=\"section\" data-e-type=\"section\" id=\"uber-uns-title\" data-settings=\"{&quot;_ha_eqh_enable&quot;:false}\">\n\t\t\t\t\t\t<div class=\"elementor-container elementor-column-gap-no\">\n\t\t\t\t\t<div class=\"elementor-column elementor-col-100 elementor-inner-column elementor-element elementor-element-1be2c9d7\" data-id=\"1be2c9d7\" data-element_type=\"column\" data-e-type=\"column\">\n\t\t\t<div class=\"elementor-widget-wrap elementor-element-populated\">\n\t\t\t\t\t\t<div class=\"elementor-element elementor-element-360a816b elementor-widget elementor-widget-heading\" data-id=\"360a816b\" data-element_type=\"widget\" data-e-type=\"widget\" data-widget_type=\"heading.default\">\n\t\t\t\t<div class=\"elementor-widget-container\">\n\t\t\t\t\t<h2 class=\"elementor-heading-title elementor-size-default\">Semi-finished products<\/h2>\t\t\t\t<\/div>\n\t\t\t\t<\/div>\n\t\t\t\t\t<\/div>\n\t\t<\/div>\n\t\t\t\t\t<\/div>\n\t\t<\/section>\n\t\t\t\t\t<\/div>\n\t\t<\/div>\n\t\t\t\t\t<\/div>\n\t\t<\/section>\n\t\t\t\t<section class=\"elementor-section elementor-top-section elementor-element elementor-element-cc2f5a0 qodef-elementor-content-grid sections-mobile elementor-section-boxed elementor-section-height-default elementor-section-height-default\" data-id=\"cc2f5a0\" data-element_type=\"section\" data-e-type=\"section\" data-settings=\"{&quot;background_background&quot;:&quot;classic&quot;,&quot;_ha_eqh_enable&quot;:false}\">\n\t\t\t\t\t\t<div class=\"elementor-container elementor-column-gap-no\">\n\t\t\t\t\t<div class=\"elementor-column elementor-col-100 elementor-top-column elementor-element elementor-element-648c2ac1\" data-id=\"648c2ac1\" data-element_type=\"column\" data-e-type=\"column\">\n\t\t\t<div class=\"elementor-widget-wrap elementor-element-populated\">\n\t\t\t\t\t\t<div class=\"elementor-element elementor-element-540d8986 elementor-widget elementor-widget-html\" data-id=\"540d8986\" data-element_type=\"widget\" data-e-type=\"widget\" id=\"breadcrumb-container\" data-widget_type=\"html.default\">\n\t\t\t\t<div class=\"elementor-widget-container\">\n\t\t\t\t\t<p>\n    <span class=\"breadcrumb-menu\"><a href=\"https:\/\/jlgoslar.de\/en\/main-home\/#service-anchor\">Products &amp; Processes<\/a><\/span>\n    <span class=\"breadcrumb-forward\"><img decoding=\"async\" src=\"https:\/\/jlgoslar.de\/wp-content\/uploads\/2022\/08\/chevron-right-bold.svg\"><\/span>\n    <span class=\"breadcrumb-menu\"><a href=\"https:\/\/jlgoslar.de\/en\/radiation-protection-engineering\/\">Radiation Protection &amp; Engineering<\/a><\/span>\n    <span class=\"breadcrumb-forward\"><img decoding=\"async\" src=\"https:\/\/jlgoslar.de\/wp-content\/uploads\/2022\/08\/chevron-right-bold.svg\"><\/span>\n    <span class=\"breadcrumb-menu breadcrumb-menu-active\">Semi-finished products<\/span>\n<\/p>\t\t\t\t<\/div>\n\t\t\t\t<\/div>\n\t\t\t\t\t<\/div>\n\t\t<\/div>\n\t\t\t\t\t<\/div>\n\t\t<\/section>\n\t\t\t\t<section class=\"elementor-section elementor-top-section elementor-element elementor-element-2d0ea69 qodef-elementor-content-grid sections-mobile elementor-section-boxed elementor-section-height-default elementor-section-height-default\" data-id=\"2d0ea69\" data-element_type=\"section\" data-e-type=\"section\" id=\"section-3\" data-settings=\"{&quot;background_background&quot;:&quot;classic&quot;,&quot;_ha_eqh_enable&quot;:false}\">\n\t\t\t\t\t\t<div class=\"elementor-container elementor-column-gap-no\">\n\t\t\t\t\t<div class=\"elementor-column elementor-col-100 elementor-top-column elementor-element elementor-element-50a864f4\" data-id=\"50a864f4\" data-element_type=\"column\" data-e-type=\"column\">\n\t\t\t<div class=\"elementor-widget-wrap elementor-element-populated\">\n\t\t\t\t\t\t<section class=\"elementor-section elementor-inner-section elementor-element elementor-element-5cf6aa3e elementor-section-full_width elementor-section-height-default elementor-section-height-default qodef-elementor-content-no\" data-id=\"5cf6aa3e\" data-element_type=\"section\" data-e-type=\"section\" data-settings=\"{&quot;_ha_eqh_enable&quot;:false}\">\n\t\t\t\t\t\t<div class=\"elementor-container elementor-column-gap-no\">\n\t\t\t\t\t<div class=\"elementor-column elementor-col-100 elementor-inner-column elementor-element elementor-element-1d766b82\" data-id=\"1d766b82\" data-element_type=\"column\" data-e-type=\"column\">\n\t\t\t<div class=\"elementor-widget-wrap elementor-element-populated\">\n\t\t\t\t\t\t<div class=\"elementor-element elementor-element-414b3a7 elementor-widget elementor-widget-image\" data-id=\"414b3a7\" data-element_type=\"widget\" data-e-type=\"widget\" data-widget_type=\"image.default\">\n\t\t\t\t<div class=\"elementor-widget-container\">\n\t\t\t\t\t\t\t\t\t\t\t\t\t\t\t<img decoding=\"async\" src=\"https:\/\/jlgoslar.de\/wp-content\/uploads\/elementor\/thumbs\/se_hb2-min-scaled-q1tgvsw5cvxedfkbqwlw5qln9f2jaopwhz6n8e1rfk.jpg\" title=\"se_hb2-min\" alt=\"se_hb2-min\" loading=\"lazy\" \/>\t\t\t\t\t\t\t\t\t\t\t\t\t\t\t<\/div>\n\t\t\t\t<\/div>\n\t\t\t\t\t<\/div>\n\t\t<\/div>\n\t\t\t\t\t<\/div>\n\t\t<\/section>\n\t\t\t\t<section class=\"elementor-section elementor-inner-section elementor-element elementor-element-6d01ed86 elementor-section-content-top elementor-section-full_width elementor-section-height-default elementor-section-height-default qodef-elementor-content-no\" data-id=\"6d01ed86\" data-element_type=\"section\" data-e-type=\"section\" data-settings=\"{&quot;_ha_eqh_enable&quot;:false}\">\n\t\t\t\t\t\t<div class=\"elementor-container elementor-column-gap-no\">\n\t\t\t\t\t<div class=\"elementor-column elementor-col-50 elementor-inner-column elementor-element elementor-element-468a59a6\" data-id=\"468a59a6\" data-element_type=\"column\" data-e-type=\"column\">\n\t\t\t<div class=\"elementor-widget-wrap elementor-element-populated\">\n\t\t\t\t\t\t<div class=\"elementor-element elementor-element-71fee2dc uber-uns-vertical-text elementor-widget elementor-widget-text-editor\" data-id=\"71fee2dc\" data-element_type=\"widget\" data-e-type=\"widget\" data-widget_type=\"text-editor.default\">\n\t\t\t\t<div class=\"elementor-widget-container\">\n\t\t\t\t\t\t\t\t\tSemi-finished products\t\t\t\t\t\t\t\t<\/div>\n\t\t\t\t<\/div>\n\t\t\t\t\t<\/div>\n\t\t<\/div>\n\t\t\t\t<div class=\"elementor-column elementor-col-50 elementor-inner-column elementor-element elementor-element-46626985\" data-id=\"46626985\" data-element_type=\"column\" data-e-type=\"column\">\n\t\t\t<div class=\"elementor-widget-wrap elementor-element-populated\">\n\t\t\t\t\t\t<div class=\"elementor-element elementor-element-ba69c7e elementor-widget elementor-widget-text-editor\" data-id=\"ba69c7e\" data-element_type=\"widget\" data-e-type=\"widget\" data-widget_type=\"text-editor.default\">\n\t\t\t\t<div class=\"elementor-widget-container\">\n\t\t\t\t\t\t\t\t\tPlates, sheets &amp; foils\u00a0\t\t\t\t\t\t\t\t<\/div>\n\t\t\t\t<\/div>\n\t\t\t\t<div class=\"elementor-element elementor-element-981754c elementor-widget elementor-widget-text-editor\" data-id=\"981754c\" data-element_type=\"widget\" data-e-type=\"widget\" data-widget_type=\"text-editor.default\">\n\t\t\t\t<div class=\"elementor-widget-container\">\n\t\t\t\t\t\t\t\t\t<p>JL Goslar produziert Bleiplatten, Bleibleche und Bleifolien f\u00fcr die Abschirmung von R\u00e4umen und Ger\u00e4ten. Die Zuschnitte werden auf Kundenwunsch hergestellt und k\u00f6nnen mit sehr gro\u00dfen Abmessungen (max. 4m Breite, 6m L\u00e4nge und 100mm Dicke) gefertigt werden. Speziallegierungen, z.B. mit Antimon, sind auf Anfrage m\u00f6glich. Auf Rollen oder als Zuschnitte haben wir selbstklebende Bleifolien verschiedener St\u00e4rken im Programm (bleiPLUS SK 125) f\u00fcr die schnelle, flexible und sichere Montage im Strahlenschutz. D\u00fcnne Zinnschichten auf beiden Seiten der Folie erm\u00f6glichen die Montage ohne direkten Kontakt mit Blei und stellen eine besonders hohe Haftfestigkeit sicher.<\/p>\t\t\t\t\t\t\t\t<\/div>\n\t\t\t\t<\/div>\n\t\t\t\t<div class=\"elementor-element elementor-element-3e391f5 elementor-widget elementor-widget-text-editor\" data-id=\"3e391f5\" data-element_type=\"widget\" data-e-type=\"widget\" data-widget_type=\"text-editor.default\">\n\t\t\t\t<div class=\"elementor-widget-container\">\n\t\t\t\t\t\t\t\t\tLead profiles\t\t\t\t\t\t\t\t<\/div>\n\t\t\t\t<\/div>\n\t\t\t\t<div class=\"elementor-element elementor-element-604f846 elementor-widget elementor-widget-text-editor\" data-id=\"604f846\" data-element_type=\"widget\" data-e-type=\"widget\" data-widget_type=\"text-editor.default\">\n\t\t\t\t<div class=\"elementor-widget-container\">\n\t\t\t\t\t\t\t\t\t<p>Pressed profiles in a wide variety of shapes \u2014 from tubes and profile tubes to rhombuses and guide rods to wires and special shapes \u2014 are part of the JL Goslar product range. Endlessly pressed lead profiles can be cut to any desired length.<\/p>\t\t\t\t\t\t\t\t<\/div>\n\t\t\t\t<\/div>\n\t\t\t\t\t<\/div>\n\t\t<\/div>\n\t\t\t\t\t<\/div>\n\t\t<\/section>\n\t\t\t\t\t<\/div>\n\t\t<\/div>\n\t\t\t\t\t<\/div>\n\t\t<\/section>\n\t\t\t\t<section class=\"elementor-section elementor-top-section elementor-element elementor-element-76eb8b6 qodef-elementor-content-grid elementor-section-full_width elementor-section-height-default elementor-section-height-default\" data-id=\"76eb8b6\" data-element_type=\"section\" data-e-type=\"section\" id=\"section-6-1440\" data-settings=\"{&quot;background_background&quot;:&quot;classic&quot;,&quot;_ha_eqh_enable&quot;:false}\">\n\t\t\t\t\t\t\t<div class=\"elementor-background-overlay\"><\/div>\n\t\t\t\t\t\t\t<div class=\"elementor-container elementor-column-gap-no\">\n\t\t\t\t\t<div class=\"elementor-column elementor-col-100 elementor-top-column elementor-element elementor-element-64988c6d\" data-id=\"64988c6d\" data-element_type=\"column\" data-e-type=\"column\">\n\t\t\t<div class=\"elementor-widget-wrap elementor-element-populated\">\n\t\t\t\t\t\t<section class=\"elementor-section elementor-inner-section elementor-element elementor-element-6fc3eeb6 elementor-section-height-min-height subsection-max-width-1440 elementor-section-boxed elementor-section-height-default qodef-elementor-content-no\" data-id=\"6fc3eeb6\" data-element_type=\"section\" data-e-type=\"section\" data-settings=\"{&quot;_ha_eqh_enable&quot;:false}\">\n\t\t\t\t\t\t<div class=\"elementor-container elementor-column-gap-no\">\n\t\t\t\t\t<div class=\"elementor-column elementor-col-25 elementor-inner-column elementor-element elementor-element-5273f0ee\" data-id=\"5273f0ee\" data-element_type=\"column\" data-e-type=\"column\">\n\t\t\t<div class=\"elementor-widget-wrap elementor-element-populated\">\n\t\t\t\t\t\t<div class=\"elementor-element elementor-element-45127747 elementor-widget elementor-widget-text-editor\" data-id=\"45127747\" data-element_type=\"widget\" data-e-type=\"widget\" data-widget_type=\"text-editor.default\">\n\t\t\t\t<div class=\"elementor-widget-container\">\n\t\t\t\t\t\t\t\t\tWe look forward to hearing from you\t\t\t\t\t\t\t\t<\/div>\n\t\t\t\t<\/div>\n\t\t\t\t\t<\/div>\n\t\t<\/div>\n\t\t\t\t<div class=\"elementor-column elementor-col-25 elementor-inner-column elementor-element elementor-element-6f5b13be\" data-id=\"6f5b13be\" data-element_type=\"column\" data-e-type=\"column\">\n\t\t\t<div class=\"elementor-widget-wrap elementor-element-populated\">\n\t\t\t\t\t\t<div class=\"elementor-element elementor-element-34bf9ef9 elementor-button-danger elementor-align-right elementor-laptop-align-left elementor-widescreen-align-left btn-hover elementor-tablet-align-right elementor-mobile-align-center elementor-widget elementor-widget-button\" data-id=\"34bf9ef9\" data-element_type=\"widget\" data-e-type=\"widget\" data-widget_type=\"button.default\">\n\t\t\t\t<div class=\"elementor-widget-container\">\n\t\t\t\t\t\t\t\t\t<div class=\"elementor-button-wrapper\">\n\t\t\t\t\t<a class=\"elementor-button elementor-button-link elementor-size-sm\" href=\"https:\/\/jlgoslar.de\/en\/contact\/\" id=\"hg-1440-kontakt-btn\">\n\t\t\t\t\t\t<span class=\"elementor-button-content-wrapper\">\n\t\t\t\t\t\t<span class=\"elementor-button-icon\">\n\t\t\t\t<i aria-hidden=\"true\" class=\"hm hm-arrow-right1\"><\/i>\t\t\t<\/span>\n\t\t\t\t\t\t\t\t\t<span class=\"elementor-button-text\">CONTACT<\/span>\n\t\t\t\t\t<\/span>\n\t\t\t\t\t<\/a>\n\t\t\t\t<\/div>\n\t\t\t\t\t\t\t\t<\/div>\n\t\t\t\t<\/div>\n\t\t\t\t\t<\/div>\n\t\t<\/div>\n\t\t\t\t<div class=\"elementor-column elementor-col-25 elementor-inner-column elementor-element elementor-element-6a85de75\" data-id=\"6a85de75\" data-element_type=\"column\" data-e-type=\"column\">\n\t\t\t<div class=\"elementor-widget-wrap\">\n\t\t\t\t\t\t\t<\/div>\n\t\t<\/div>\n\t\t\t\t<div class=\"elementor-column elementor-col-25 elementor-inner-column elementor-element elementor-element-2012e7d\" data-id=\"2012e7d\" data-element_type=\"column\" data-e-type=\"column\">\n\t\t\t<div class=\"elementor-widget-wrap\">\n\t\t\t\t\t\t\t<\/div>\n\t\t<\/div>\n\t\t\t\t\t<\/div>\n\t\t<\/section>\n\t\t\t\t\t<\/div>\n\t\t<\/div>\n\t\t\t\t\t<\/div>\n\t\t<\/section>\n\t\t\t\t<\/div>","protected":false},"excerpt":{"rendered":"<p>Halbzeuge Produkte &#038; Prozesse Strahlenschutz &#038; Engineering Halbzeuge HalbzeugePlatten, Bleche &#038; Folien\u00a0 JL Goslar produziert Bleiplatten, Bleibleche und Bleifolien f\u00fcr die Abschirmung von R\u00e4umen und Ger\u00e4ten. Die Zuschnitte werden auf Kundenwunsch hergestellt und k\u00f6nnen mit sehr gro\u00dfen Abmessungen (max. 4m Breite, 6m L\u00e4nge und 100mm Dicke) gefertigt werden. Speziallegierungen, z.B. mit Antimon, sind auf Anfrage [&hellip;]<\/p>\n","protected":false},"author":1,"featured_media":0,"parent":0,"menu_order":0,"comment_status":"closed","ping_status":"closed","template":"page-full-width.php","meta":{"footnotes":""},"class_list":["post-9475","page","type-page","status-publish","hentry"],"yoast_head":"<!-- This site is optimized with the Yoast SEO plugin v27.3 - https:\/\/yoast.com\/product\/yoast-seo-wordpress\/ -->\n<title>Halbzeuge - JL Goslar<\/title>\n<meta name=\"robots\" content=\"index, follow, max-snippet:-1, max-image-preview:large, max-video-preview:-1\" \/>\n<link rel=\"canonical\" href=\"https:\/\/jlgoslar.de\/en\/semi-finished-products\/\" \/>\n<meta property=\"og:locale\" content=\"en_GB\" \/>\n<meta property=\"og:type\" content=\"article\" \/>\n<meta property=\"og:title\" content=\"Halbzeuge - JL Goslar\" \/>\n<meta property=\"og:description\" content=\"Halbzeuge Produkte &#038; Prozesse Strahlenschutz &#038; Engineering Halbzeuge HalbzeugePlatten, Bleche &#038; Folien\u00a0 JL Goslar produziert Bleiplatten, Bleibleche und Bleifolien f\u00fcr die Abschirmung von R\u00e4umen und Ger\u00e4ten. Die Zuschnitte werden auf Kundenwunsch hergestellt und k\u00f6nnen mit sehr gro\u00dfen Abmessungen (max. 4m Breite, 6m L\u00e4nge und 100mm Dicke) gefertigt werden. Speziallegierungen, z.B. mit Antimon, sind auf Anfrage [&hellip;]\" \/>\n<meta property=\"og:url\" content=\"https:\/\/jlgoslar.de\/en\/semi-finished-products\/\" \/>\n<meta property=\"og:site_name\" content=\"JL Goslar\" \/>\n<meta property=\"article:modified_time\" content=\"2025-10-14T11:32:11+00:00\" \/>\n<meta property=\"og:image\" content=\"https:\/\/jlgoslar.de\/wp-content\/uploads\/2022\/08\/chevron-right-bold.svg\" \/>\n<meta name=\"twitter:card\" content=\"summary_large_image\" \/>\n<meta name=\"twitter:label1\" content=\"Estimated reading time\" \/>\n\t<meta name=\"twitter:data1\" content=\"2 minutes\" \/>\n<script type=\"application\/ld+json\" class=\"yoast-schema-graph\">{\"@context\":\"https:\\\/\\\/schema.org\",\"@graph\":[{\"@type\":\"WebPage\",\"@id\":\"https:\\\/\\\/jlgoslar.de\\\/halbzeuge\\\/\",\"url\":\"https:\\\/\\\/jlgoslar.de\\\/halbzeuge\\\/\",\"name\":\"Halbzeuge - JL Goslar\",\"isPartOf\":{\"@id\":\"https:\\\/\\\/jlgoslar.de\\\/#website\"},\"primaryImageOfPage\":{\"@id\":\"https:\\\/\\\/jlgoslar.de\\\/halbzeuge\\\/#primaryimage\"},\"image\":{\"@id\":\"https:\\\/\\\/jlgoslar.de\\\/halbzeuge\\\/#primaryimage\"},\"thumbnailUrl\":\"https:\\\/\\\/jlgoslar.de\\\/wp-content\\\/uploads\\\/2022\\\/08\\\/chevron-right-bold.svg\",\"datePublished\":\"2022-08-02T10:26:18+00:00\",\"dateModified\":\"2025-10-14T11:32:11+00:00\",\"breadcrumb\":{\"@id\":\"https:\\\/\\\/jlgoslar.de\\\/halbzeuge\\\/#breadcrumb\"},\"inLanguage\":\"en-GB\",\"potentialAction\":[{\"@type\":\"ReadAction\",\"target\":[\"https:\\\/\\\/jlgoslar.de\\\/halbzeuge\\\/\"]}]},{\"@type\":\"ImageObject\",\"inLanguage\":\"en-GB\",\"@id\":\"https:\\\/\\\/jlgoslar.de\\\/halbzeuge\\\/#primaryimage\",\"url\":\"https:\\\/\\\/jlgoslar.de\\\/wp-content\\\/uploads\\\/2022\\\/08\\\/chevron-right-bold.svg\",\"contentUrl\":\"https:\\\/\\\/jlgoslar.de\\\/wp-content\\\/uploads\\\/2022\\\/08\\\/chevron-right-bold.svg\"},{\"@type\":\"BreadcrumbList\",\"@id\":\"https:\\\/\\\/jlgoslar.de\\\/halbzeuge\\\/#breadcrumb\",\"itemListElement\":[{\"@type\":\"ListItem\",\"position\":1,\"name\":\"Startseite\",\"item\":\"https:\\\/\\\/jlgoslar.de\\\/\"},{\"@type\":\"ListItem\",\"position\":2,\"name\":\"Halbzeuge\"}]},{\"@type\":\"WebSite\",\"@id\":\"https:\\\/\\\/jlgoslar.de\\\/#website\",\"url\":\"https:\\\/\\\/jlgoslar.de\\\/\",\"name\":\"JL Goslar\",\"description\":\"JL Goslar\",\"publisher\":{\"@id\":\"https:\\\/\\\/jlgoslar.de\\\/#organization\"},\"potentialAction\":[{\"@type\":\"SearchAction\",\"target\":{\"@type\":\"EntryPoint\",\"urlTemplate\":\"https:\\\/\\\/jlgoslar.de\\\/?s={search_term_string}\"},\"query-input\":{\"@type\":\"PropertyValueSpecification\",\"valueRequired\":true,\"valueName\":\"search_term_string\"}}],\"inLanguage\":\"en-GB\"},{\"@type\":\"Organization\",\"@id\":\"https:\\\/\\\/jlgoslar.de\\\/#organization\",\"name\":\"JL Goslar\",\"url\":\"https:\\\/\\\/jlgoslar.de\\\/\",\"logo\":{\"@type\":\"ImageObject\",\"inLanguage\":\"en-GB\",\"@id\":\"https:\\\/\\\/jlgoslar.de\\\/#\\\/schema\\\/logo\\\/image\\\/\",\"url\":\"https:\\\/\\\/jlgoslar.de\\\/wp-content\\\/uploads\\\/2022\\\/05\\\/favicon-512-r.png\",\"contentUrl\":\"https:\\\/\\\/jlgoslar.de\\\/wp-content\\\/uploads\\\/2022\\\/05\\\/favicon-512-r.png\",\"width\":512,\"height\":512,\"caption\":\"JL Goslar\"},\"image\":{\"@id\":\"https:\\\/\\\/jlgoslar.de\\\/#\\\/schema\\\/logo\\\/image\\\/\"}}]}<\/script>\n<!-- \/ Yoast SEO plugin. -->","yoast_head_json":{"title":"Semi-finished products - JL Goslar","robots":{"index":"index","follow":"follow","max-snippet":"max-snippet:-1","max-image-preview":"max-image-preview:large","max-video-preview":"max-video-preview:-1"},"canonical":"https:\/\/jlgoslar.de\/en\/semi-finished-products\/","og_locale":"en_GB","og_type":"article","og_title":"Halbzeuge - JL Goslar","og_description":"Halbzeuge Produkte &#038; Prozesse Strahlenschutz &#038; Engineering Halbzeuge HalbzeugePlatten, Bleche &#038; Folien\u00a0 JL Goslar produziert Bleiplatten, Bleibleche und Bleifolien f\u00fcr die Abschirmung von R\u00e4umen und Ger\u00e4ten. Die Zuschnitte werden auf Kundenwunsch hergestellt und k\u00f6nnen mit sehr gro\u00dfen Abmessungen (max. 4m Breite, 6m L\u00e4nge und 100mm Dicke) gefertigt werden. Speziallegierungen, z.B. mit Antimon, sind auf Anfrage [&hellip;]","og_url":"https:\/\/jlgoslar.de\/en\/semi-finished-products\/","og_site_name":"JL Goslar","article_modified_time":"2025-10-14T11:32:11+00:00","og_image":[{"url":"https:\/\/jlgoslar.de\/wp-content\/uploads\/2022\/08\/chevron-right-bold.svg","type":"","width":"","height":""}],"twitter_card":"summary_large_image","twitter_misc":{"Estimated reading time":"2 minutes"},"schema":{"@context":"https:\/\/schema.org","@graph":[{"@type":"WebPage","@id":"https:\/\/jlgoslar.de\/halbzeuge\/","url":"https:\/\/jlgoslar.de\/halbzeuge\/","name":"Semi-finished products - JL Goslar","isPartOf":{"@id":"https:\/\/jlgoslar.de\/#website"},"primaryImageOfPage":{"@id":"https:\/\/jlgoslar.de\/halbzeuge\/#primaryimage"},"image":{"@id":"https:\/\/jlgoslar.de\/halbzeuge\/#primaryimage"},"thumbnailUrl":"https:\/\/jlgoslar.de\/wp-content\/uploads\/2022\/08\/chevron-right-bold.svg","datePublished":"2022-08-02T10:26:18+00:00","dateModified":"2025-10-14T11:32:11+00:00","breadcrumb":{"@id":"https:\/\/jlgoslar.de\/halbzeuge\/#breadcrumb"},"inLanguage":"en-GB","potentialAction":[{"@type":"ReadAction","target":["https:\/\/jlgoslar.de\/halbzeuge\/"]}]},{"@type":"ImageObject","inLanguage":"en-GB","@id":"https:\/\/jlgoslar.de\/halbzeuge\/#primaryimage","url":"https:\/\/jlgoslar.de\/wp-content\/uploads\/2022\/08\/chevron-right-bold.svg","contentUrl":"https:\/\/jlgoslar.de\/wp-content\/uploads\/2022\/08\/chevron-right-bold.svg"},{"@type":"BreadcrumbList","@id":"https:\/\/jlgoslar.de\/halbzeuge\/#breadcrumb","itemListElement":[{"@type":"ListItem","position":1,"name":"Startseite","item":"https:\/\/jlgoslar.de\/"},{"@type":"ListItem","position":2,"name":"Halbzeuge"}]},{"@type":"WebSite","@id":"https:\/\/jlgoslar.de\/#website","url":"https:\/\/jlgoslar.de\/","name":"JL Goslar","description":"JL Goslar","publisher":{"@id":"https:\/\/jlgoslar.de\/#organization"},"potentialAction":[{"@type":"SearchAction","target":{"@type":"EntryPoint","urlTemplate":"https:\/\/jlgoslar.de\/?s={search_term_string}"},"query-input":{"@type":"PropertyValueSpecification","valueRequired":true,"valueName":"search_term_string"}}],"inLanguage":"en-GB"},{"@type":"Organization","@id":"https:\/\/jlgoslar.de\/#organization","name":"JL Goslar","url":"https:\/\/jlgoslar.de\/","logo":{"@type":"ImageObject","inLanguage":"en-GB","@id":"https:\/\/jlgoslar.de\/#\/schema\/logo\/image\/","url":"https:\/\/jlgoslar.de\/wp-content\/uploads\/2022\/05\/favicon-512-r.png","contentUrl":"https:\/\/jlgoslar.de\/wp-content\/uploads\/2022\/05\/favicon-512-r.png","width":512,"height":512,"caption":"JL Goslar"},"image":{"@id":"https:\/\/jlgoslar.de\/#\/schema\/logo\/image\/"}}]}},"_links":{"self":[{"href":"https:\/\/jlgoslar.de\/en\/wp-json\/wp\/v2\/pages\/9475","targetHints":{"allow":["GET"]}}],"collection":[{"href":"https:\/\/jlgoslar.de\/en\/wp-json\/wp\/v2\/pages"}],"about":[{"href":"https:\/\/jlgoslar.de\/en\/wp-json\/wp\/v2\/types\/page"}],"author":[{"embeddable":true,"href":"https:\/\/jlgoslar.de\/en\/wp-json\/wp\/v2\/users\/1"}],"replies":[{"embeddable":true,"href":"https:\/\/jlgoslar.de\/en\/wp-json\/wp\/v2\/comments?post=9475"}],"version-history":[{"count":0,"href":"https:\/\/jlgoslar.de\/en\/wp-json\/wp\/v2\/pages\/9475\/revisions"}],"wp:attachment":[{"href":"https:\/\/jlgoslar.de\/en\/wp-json\/wp\/v2\/media?parent=9475"}],"curies":[{"name":"wp","href":"https:\/\/api.w.org\/{rel}","templated":true}]}}