{"id":9556,"date":"2022-08-03T06:59:41","date_gmt":"2022-08-03T04:59:41","guid":{"rendered":"http:\/\/relaunch.jlgoslar.de\/?page_id=9556"},"modified":"2025-09-16T10:07:11","modified_gmt":"2025-09-16T08:07:11","slug":"anoden-und-elektroden-fur-die-galvanik","status":"publish","type":"page","link":"https:\/\/jlgoslar.de\/en\/anoden-und-elektroden-fur-die-galvanik\/","title":{"rendered":"Anodes and electrodes for electroplating"},"content":{"rendered":"<div data-elementor-type=\"wp-page\" data-elementor-id=\"9556\" class=\"elementor elementor-9556\" data-elementor-settings=\"{&quot;ha_cmc_init_switcher&quot;:&quot;no&quot;}\">\n\t\t\t\t\t\t<section class=\"elementor-section elementor-top-section elementor-element elementor-element-b7c1676 elementor-section-full_width elementor-section-height-min-height elementor-section-items-bottom elementor-section-height-default qodef-elementor-content-no\" data-id=\"b7c1676\" data-element_type=\"section\" data-e-type=\"section\" id=\"uu-sc1\" data-settings=\"{&quot;background_background&quot;:&quot;classic&quot;,&quot;_ha_eqh_enable&quot;:false}\">\n\t\t\t\t\t\t<div class=\"elementor-container elementor-column-gap-default\">\n\t\t\t\t\t<div class=\"elementor-column elementor-col-100 elementor-top-column elementor-element elementor-element-208af68c\" data-id=\"208af68c\" data-element_type=\"column\" data-e-type=\"column\">\n\t\t\t<div class=\"elementor-widget-wrap elementor-element-populated\">\n\t\t\t\t\t\t<section class=\"elementor-section elementor-inner-section elementor-element elementor-element-72b4ff7b title-two-line-page-mobile elementor-section-boxed elementor-section-height-default elementor-section-height-default qodef-elementor-content-no\" data-id=\"72b4ff7b\" data-element_type=\"section\" data-e-type=\"section\" id=\"uber-uns-title\" data-settings=\"{&quot;_ha_eqh_enable&quot;:false}\">\n\t\t\t\t\t\t<div class=\"elementor-container elementor-column-gap-no\">\n\t\t\t\t\t<div class=\"elementor-column elementor-col-100 elementor-inner-column elementor-element elementor-element-37dbe4ab\" data-id=\"37dbe4ab\" data-element_type=\"column\" data-e-type=\"column\">\n\t\t\t<div class=\"elementor-widget-wrap elementor-element-populated\">\n\t\t\t\t\t\t<div class=\"elementor-element elementor-element-38524513 elementor-widget elementor-widget-heading\" data-id=\"38524513\" data-element_type=\"widget\" data-e-type=\"widget\" data-widget_type=\"heading.default\">\n\t\t\t\t<div class=\"elementor-widget-container\">\n\t\t\t\t\t<h2 class=\"elementor-heading-title elementor-size-default\">Anodes and electrodes for electroplating<\/h2>\t\t\t\t<\/div>\n\t\t\t\t<\/div>\n\t\t\t\t\t<\/div>\n\t\t<\/div>\n\t\t\t\t\t<\/div>\n\t\t<\/section>\n\t\t\t\t\t<\/div>\n\t\t<\/div>\n\t\t\t\t\t<\/div>\n\t\t<\/section>\n\t\t\t\t<section class=\"elementor-section elementor-top-section elementor-element elementor-element-0b870b6 qodef-elementor-content-grid sections-mobile elementor-section-boxed elementor-section-height-default elementor-section-height-default\" data-id=\"0b870b6\" data-element_type=\"section\" data-e-type=\"section\" data-settings=\"{&quot;background_background&quot;:&quot;classic&quot;,&quot;_ha_eqh_enable&quot;:false}\">\n\t\t\t\t\t\t<div class=\"elementor-container elementor-column-gap-no\">\n\t\t\t\t\t<div class=\"elementor-column elementor-col-100 elementor-top-column elementor-element elementor-element-2926b50d\" data-id=\"2926b50d\" data-element_type=\"column\" data-e-type=\"column\">\n\t\t\t<div class=\"elementor-widget-wrap elementor-element-populated\">\n\t\t\t\t\t\t<div class=\"elementor-element elementor-element-1a8d80bc elementor-widget elementor-widget-html\" data-id=\"1a8d80bc\" data-element_type=\"widget\" data-e-type=\"widget\" id=\"breadcrumb-container\" data-widget_type=\"html.default\">\n\t\t\t\t<div class=\"elementor-widget-container\">\n\t\t\t\t\t<p>\n    <span class=\"breadcrumb-menu\"><a href=\"https:\/\/jlgoslar.de\/en\/main-home\/#service-anchor\">Products &amp; Processes<\/a><\/span>\n    <span class=\"breadcrumb-forward\"><img decoding=\"async\" src=\"https:\/\/jlgoslar.de\/wp-content\/uploads\/2022\/08\/chevron-right-bold.svg\"><\/span>\n    <span class=\"breadcrumb-menu\"><a href=\"https:\/\/jlgoslar.de\/en\/apparatus-engineering-lead-steel\/\">Apparatus engineering lead \/ steel<\/a><\/span>\n    <span class=\"breadcrumb-forward\"><img decoding=\"async\" src=\"https:\/\/jlgoslar.de\/wp-content\/uploads\/2022\/08\/chevron-right-bold.svg\"><\/span>\n    <span class=\"breadcrumb-menu breadcrumb-menu-active\">Anodes and electrodes for electroplating<\/span>\n<\/p>\t\t\t\t<\/div>\n\t\t\t\t<\/div>\n\t\t\t\t\t<\/div>\n\t\t<\/div>\n\t\t\t\t\t<\/div>\n\t\t<\/section>\n\t\t\t\t<section class=\"elementor-section elementor-top-section elementor-element elementor-element-2d0ea69 qodef-elementor-content-grid sections-mobile elementor-section-boxed elementor-section-height-default elementor-section-height-default\" data-id=\"2d0ea69\" data-element_type=\"section\" data-e-type=\"section\" id=\"section-3\" data-settings=\"{&quot;background_background&quot;:&quot;classic&quot;,&quot;_ha_eqh_enable&quot;:false}\">\n\t\t\t\t\t\t<div class=\"elementor-container elementor-column-gap-no\">\n\t\t\t\t\t<div class=\"elementor-column elementor-col-100 elementor-top-column elementor-element elementor-element-50a864f4\" data-id=\"50a864f4\" data-element_type=\"column\" data-e-type=\"column\">\n\t\t\t<div class=\"elementor-widget-wrap elementor-element-populated\">\n\t\t\t\t\t\t<section class=\"elementor-section elementor-inner-section elementor-element elementor-element-5cf6aa3e elementor-section-full_width elementor-section-height-default elementor-section-height-default qodef-elementor-content-no\" data-id=\"5cf6aa3e\" data-element_type=\"section\" data-e-type=\"section\" data-settings=\"{&quot;_ha_eqh_enable&quot;:false}\">\n\t\t\t\t\t\t<div class=\"elementor-container elementor-column-gap-no\">\n\t\t\t\t\t<div class=\"elementor-column elementor-col-100 elementor-inner-column elementor-element elementor-element-1d766b82\" data-id=\"1d766b82\" data-element_type=\"column\" data-e-type=\"column\">\n\t\t\t<div class=\"elementor-widget-wrap elementor-element-populated\">\n\t\t\t\t\t\t<div class=\"elementor-element elementor-element-414b3a7 elementor-widget elementor-widget-image\" data-id=\"414b3a7\" data-element_type=\"widget\" data-e-type=\"widget\" data-widget_type=\"image.default\">\n\t\t\t\t<div class=\"elementor-widget-container\">\n\t\t\t\t\t\t\t\t\t\t\t\t\t\t\t<img decoding=\"async\" src=\"https:\/\/jlgoslar.de\/wp-content\/uploads\/elementor\/thumbs\/ab_aeg2-min-q1tgvryb61w41tlowe79l8u6o1762zm65uj5r435ls.png\" title=\"ab_aeg2-min\" alt=\"ab_aeg2-min\" loading=\"lazy\" \/>\t\t\t\t\t\t\t\t\t\t\t\t\t\t\t<\/div>\n\t\t\t\t<\/div>\n\t\t\t\t\t<\/div>\n\t\t<\/div>\n\t\t\t\t\t<\/div>\n\t\t<\/section>\n\t\t\t\t<section class=\"elementor-section elementor-inner-section elementor-element elementor-element-6d01ed86 elementor-section-content-top elementor-section-full_width elementor-section-height-default elementor-section-height-default qodef-elementor-content-no\" data-id=\"6d01ed86\" data-element_type=\"section\" data-e-type=\"section\" data-settings=\"{&quot;_ha_eqh_enable&quot;:false}\">\n\t\t\t\t\t\t<div class=\"elementor-container elementor-column-gap-no\">\n\t\t\t\t\t<div class=\"elementor-column elementor-col-50 elementor-inner-column elementor-element elementor-element-468a59a6\" data-id=\"468a59a6\" data-element_type=\"column\" data-e-type=\"column\">\n\t\t\t<div class=\"elementor-widget-wrap elementor-element-populated\">\n\t\t\t\t\t\t<div class=\"elementor-element elementor-element-71fee2dc uber-uns-vertical-text elementor-widget elementor-widget-text-editor\" data-id=\"71fee2dc\" data-element_type=\"widget\" data-e-type=\"widget\" data-widget_type=\"text-editor.default\">\n\t\t\t\t<div class=\"elementor-widget-container\">\n\t\t\t\t\t\t\t\t\tAnodes and electrodes for electroplating\t\t\t\t\t\t\t\t<\/div>\n\t\t\t\t<\/div>\n\t\t\t\t\t<\/div>\n\t\t<\/div>\n\t\t\t\t<div class=\"elementor-column elementor-col-50 elementor-inner-column elementor-element elementor-element-46626985\" data-id=\"46626985\" data-element_type=\"column\" data-e-type=\"column\">\n\t\t\t<div class=\"elementor-widget-wrap elementor-element-populated\">\n\t\t\t\t\t\t<div class=\"elementor-element elementor-element-d1f1106 elementor-widget elementor-widget-text-editor\" data-id=\"d1f1106\" data-element_type=\"widget\" data-e-type=\"widget\" data-widget_type=\"text-editor.default\">\n\t\t\t\t<div class=\"elementor-widget-container\">\n\t\t\t\t\t\t\t\t\t<p>Anodes for galvanic processes<\/p>\t\t\t\t\t\t\t\t<\/div>\n\t\t\t\t<\/div>\n\t\t\t\t<div class=\"elementor-element elementor-element-2d09e8ed paragraph-space elementor-widget elementor-widget-text-editor\" data-id=\"2d09e8ed\" data-element_type=\"widget\" data-e-type=\"widget\" data-widget_type=\"text-editor.default\">\n\t\t\t\t<div class=\"elementor-widget-container\">\n\t\t\t\t\t\t\t\t\tAnodes for hard chrome plating, galvanising, anodising and other electrochemical processes must meet high requirements, i.e. quality, processing and lead alloying are decisive for the work result. It is particularly important that the lead alloy is as pure as possible, as even small unwanted impurities can impair the functioning of the galvanic bath or electrolytic bath. A wide variety of suspensions and anode profiles, which are exclusively extruded, are produced cost-effectively in our workshops.\t\t\t\t\t\t\t\t<\/div>\n\t\t\t\t<\/div>\n\t\t\t\t<div class=\"elementor-element elementor-element-981754c paragraph-space elementor-widget elementor-widget-text-editor\" data-id=\"981754c\" data-element_type=\"widget\" data-e-type=\"widget\" data-widget_type=\"text-editor.default\">\n\t\t\t\t<div class=\"elementor-widget-container\">\n\t\t\t\t\t\t\t\t\t<p>One of JL Goslar's specialities is the production of lead lined anodes for stainless steel pickling lines. Stainless steel strips are further treated in continuous annealing and pickling lines after cold working. Annealing represents a refinement, but at the same time an essential heat treatment. Oxides, scale and heat discolouration must be treated and removed by pickling. In this process, the steel strip is passed between current-carrying anode and cathode pairs and the shine and corrosion resistance of the stainless steel is improved. Using special lead alloys, we produce extremely durable anodes with high economic efficiency. The results are satisfied customers worldwide.<\/p>\t\t\t\t\t\t\t\t<\/div>\n\t\t\t\t<\/div>\n\t\t\t\t\t<\/div>\n\t\t<\/div>\n\t\t\t\t\t<\/div>\n\t\t<\/section>\n\t\t\t\t\t<\/div>\n\t\t<\/div>\n\t\t\t\t\t<\/div>\n\t\t<\/section>\n\t\t\t\t<section class=\"elementor-section elementor-top-section elementor-element elementor-element-132c883 qodef-elementor-content-grid elementor-section-full_width elementor-section-height-default elementor-section-height-default\" data-id=\"132c883\" data-element_type=\"section\" data-e-type=\"section\" id=\"section-6-1440\" data-settings=\"{&quot;background_background&quot;:&quot;classic&quot;,&quot;_ha_eqh_enable&quot;:false}\">\n\t\t\t\t\t\t\t<div class=\"elementor-background-overlay\"><\/div>\n\t\t\t\t\t\t\t<div class=\"elementor-container elementor-column-gap-no\">\n\t\t\t\t\t<div class=\"elementor-column elementor-col-100 elementor-top-column elementor-element elementor-element-1531f22d\" data-id=\"1531f22d\" data-element_type=\"column\" data-e-type=\"column\">\n\t\t\t<div class=\"elementor-widget-wrap elementor-element-populated\">\n\t\t\t\t\t\t<section class=\"elementor-section elementor-inner-section elementor-element elementor-element-5661b8ae elementor-section-height-min-height subsection-max-width-1440 elementor-section-boxed elementor-section-height-default qodef-elementor-content-no\" data-id=\"5661b8ae\" data-element_type=\"section\" data-e-type=\"section\" data-settings=\"{&quot;_ha_eqh_enable&quot;:false}\">\n\t\t\t\t\t\t<div class=\"elementor-container elementor-column-gap-no\">\n\t\t\t\t\t<div class=\"elementor-column elementor-col-25 elementor-inner-column elementor-element elementor-element-6a638f9e\" data-id=\"6a638f9e\" data-element_type=\"column\" data-e-type=\"column\">\n\t\t\t<div class=\"elementor-widget-wrap elementor-element-populated\">\n\t\t\t\t\t\t<div class=\"elementor-element elementor-element-7857e48f elementor-widget elementor-widget-text-editor\" data-id=\"7857e48f\" data-element_type=\"widget\" data-e-type=\"widget\" data-widget_type=\"text-editor.default\">\n\t\t\t\t<div class=\"elementor-widget-container\">\n\t\t\t\t\t\t\t\t\tWe look forward to hearing from you\t\t\t\t\t\t\t\t<\/div>\n\t\t\t\t<\/div>\n\t\t\t\t\t<\/div>\n\t\t<\/div>\n\t\t\t\t<div class=\"elementor-column elementor-col-25 elementor-inner-column elementor-element elementor-element-750bd47b\" data-id=\"750bd47b\" data-element_type=\"column\" data-e-type=\"column\">\n\t\t\t<div class=\"elementor-widget-wrap elementor-element-populated\">\n\t\t\t\t\t\t<div class=\"elementor-element elementor-element-1819afdf elementor-button-danger elementor-align-right elementor-laptop-align-left elementor-widescreen-align-left btn-hover elementor-tablet-align-right elementor-mobile-align-center elementor-widget elementor-widget-button\" data-id=\"1819afdf\" data-element_type=\"widget\" data-e-type=\"widget\" data-widget_type=\"button.default\">\n\t\t\t\t<div class=\"elementor-widget-container\">\n\t\t\t\t\t\t\t\t\t<div class=\"elementor-button-wrapper\">\n\t\t\t\t\t<a class=\"elementor-button elementor-button-link elementor-size-sm\" href=\"https:\/\/jlgoslar.de\/en\/contact\/\" id=\"hg-1440-kontakt-btn\">\n\t\t\t\t\t\t<span class=\"elementor-button-content-wrapper\">\n\t\t\t\t\t\t<span class=\"elementor-button-icon\">\n\t\t\t\t<i aria-hidden=\"true\" class=\"hm hm-arrow-right1\"><\/i>\t\t\t<\/span>\n\t\t\t\t\t\t\t\t\t<span class=\"elementor-button-text\">CONTACT<\/span>\n\t\t\t\t\t<\/span>\n\t\t\t\t\t<\/a>\n\t\t\t\t<\/div>\n\t\t\t\t\t\t\t\t<\/div>\n\t\t\t\t<\/div>\n\t\t\t\t\t<\/div>\n\t\t<\/div>\n\t\t\t\t<div class=\"elementor-column elementor-col-25 elementor-inner-column elementor-element elementor-element-61c2b78c\" data-id=\"61c2b78c\" data-element_type=\"column\" data-e-type=\"column\">\n\t\t\t<div class=\"elementor-widget-wrap\">\n\t\t\t\t\t\t\t<\/div>\n\t\t<\/div>\n\t\t\t\t<div class=\"elementor-column elementor-col-25 elementor-inner-column elementor-element elementor-element-53e68373\" data-id=\"53e68373\" data-element_type=\"column\" data-e-type=\"column\">\n\t\t\t<div class=\"elementor-widget-wrap\">\n\t\t\t\t\t\t\t<\/div>\n\t\t<\/div>\n\t\t\t\t\t<\/div>\n\t\t<\/section>\n\t\t\t\t\t<\/div>\n\t\t<\/div>\n\t\t\t\t\t<\/div>\n\t\t<\/section>\n\t\t\t\t<\/div>","protected":false},"excerpt":{"rendered":"<p>Anoden und Elektroden f\u00fcr die Galvanik Produkte &#038; Prozesse Apparatebau Blei \/ Stahl Anoden und Elektroden f\u00fcr die Galvanik Anoden und Elektroden f\u00fcr die Galvanik Anoden f\u00fcr galvanische Prozesse Anoden f\u00fcr die Hartverchromung, Verzinkung, Eloxieren und andere elektrochemische Prozesse m\u00fcssen hohen Anforderungen gen\u00fcgen, d. h. Qualit\u00e4t, Verarbeitung und Bleilegierung sind f\u00fcr das Arbeitsergebnis entscheidend. Besonders [&hellip;]<\/p>\n","protected":false},"author":1,"featured_media":0,"parent":0,"menu_order":0,"comment_status":"closed","ping_status":"closed","template":"page-full-width.php","meta":{"footnotes":""},"class_list":["post-9556","page","type-page","status-publish","hentry"],"yoast_head":"<!-- This site is optimized with the Yoast SEO plugin v27.1.1 - https:\/\/yoast.com\/product\/yoast-seo-wordpress\/ -->\n<title>Anoden und Elektroden f\u00fcr die Galvanik - JL Goslar<\/title>\n<meta name=\"description\" content=\"Zu den Spezialit\u00e4ten von JL Goslar geh\u00f6rt die Herstellung von verbleiten Anoden f\u00fcr Edelstahlbeizanlagen. Edelstahlb\u00e4ndern aus nichtrostendem Stahl werden in kontinuierlichen Gl\u00fch- und Beizlinien nach der Kaltbearbeitung weiterbehandelt.\" \/>\n<meta name=\"robots\" content=\"index, follow, max-snippet:-1, max-image-preview:large, max-video-preview:-1\" \/>\n<link rel=\"canonical\" href=\"https:\/\/jlgoslar.de\/en\/anodes-and-electrodes-for-electroplating\/\" \/>\n<meta property=\"og:locale\" content=\"en_GB\" \/>\n<meta property=\"og:type\" content=\"article\" \/>\n<meta property=\"og:title\" content=\"Anoden und Elektroden f\u00fcr die Galvanik - JL Goslar\" \/>\n<meta property=\"og:description\" content=\"Zu den Spezialit\u00e4ten von JL Goslar geh\u00f6rt die Herstellung von verbleiten Anoden f\u00fcr Edelstahlbeizanlagen. Edelstahlb\u00e4ndern aus nichtrostendem Stahl werden in kontinuierlichen Gl\u00fch- und Beizlinien nach der Kaltbearbeitung weiterbehandelt.\" \/>\n<meta property=\"og:url\" content=\"https:\/\/jlgoslar.de\/en\/anodes-and-electrodes-for-electroplating\/\" \/>\n<meta property=\"og:site_name\" content=\"JL Goslar\" \/>\n<meta property=\"article:modified_time\" content=\"2025-09-16T08:07:11+00:00\" \/>\n<meta property=\"og:image\" content=\"https:\/\/jlgoslar.de\/wp-content\/uploads\/2022\/08\/chevron-right-bold.svg\" \/>\n<meta name=\"twitter:card\" content=\"summary_large_image\" \/>\n<meta name=\"twitter:label1\" content=\"Estimated reading time\" \/>\n\t<meta name=\"twitter:data1\" content=\"2 minutes\" \/>\n<script type=\"application\/ld+json\" class=\"yoast-schema-graph\">{\"@context\":\"https:\/\/schema.org\",\"@graph\":[{\"@type\":\"WebPage\",\"@id\":\"https:\/\/jlgoslar.de\/anoden-und-elektroden-fur-die-galvanik\/\",\"url\":\"https:\/\/jlgoslar.de\/anoden-und-elektroden-fur-die-galvanik\/\",\"name\":\"Anoden und Elektroden f\u00fcr die Galvanik - JL Goslar\",\"isPartOf\":{\"@id\":\"https:\/\/jlgoslar.de\/#website\"},\"primaryImageOfPage\":{\"@id\":\"https:\/\/jlgoslar.de\/anoden-und-elektroden-fur-die-galvanik\/#primaryimage\"},\"image\":{\"@id\":\"https:\/\/jlgoslar.de\/anoden-und-elektroden-fur-die-galvanik\/#primaryimage\"},\"thumbnailUrl\":\"https:\/\/jlgoslar.de\/wp-content\/uploads\/2022\/08\/chevron-right-bold.svg\",\"datePublished\":\"2022-08-03T04:59:41+00:00\",\"dateModified\":\"2025-09-16T08:07:11+00:00\",\"description\":\"Zu den Spezialit\u00e4ten von JL Goslar geh\u00f6rt die Herstellung von verbleiten Anoden f\u00fcr Edelstahlbeizanlagen. Edelstahlb\u00e4ndern aus nichtrostendem Stahl werden in kontinuierlichen Gl\u00fch- und Beizlinien nach der Kaltbearbeitung weiterbehandelt.\",\"breadcrumb\":{\"@id\":\"https:\/\/jlgoslar.de\/anoden-und-elektroden-fur-die-galvanik\/#breadcrumb\"},\"inLanguage\":\"en-GB\",\"potentialAction\":[{\"@type\":\"ReadAction\",\"target\":[\"https:\/\/jlgoslar.de\/anoden-und-elektroden-fur-die-galvanik\/\"]}]},{\"@type\":\"ImageObject\",\"inLanguage\":\"en-GB\",\"@id\":\"https:\/\/jlgoslar.de\/anoden-und-elektroden-fur-die-galvanik\/#primaryimage\",\"url\":\"https:\/\/jlgoslar.de\/wp-content\/uploads\/2022\/08\/chevron-right-bold.svg\",\"contentUrl\":\"https:\/\/jlgoslar.de\/wp-content\/uploads\/2022\/08\/chevron-right-bold.svg\"},{\"@type\":\"BreadcrumbList\",\"@id\":\"https:\/\/jlgoslar.de\/anoden-und-elektroden-fur-die-galvanik\/#breadcrumb\",\"itemListElement\":[{\"@type\":\"ListItem\",\"position\":1,\"name\":\"Startseite\",\"item\":\"https:\/\/jlgoslar.de\/\"},{\"@type\":\"ListItem\",\"position\":2,\"name\":\"Anoden und Elektroden f\u00fcr die Galvanik\"}]},{\"@type\":\"WebSite\",\"@id\":\"https:\/\/jlgoslar.de\/#website\",\"url\":\"https:\/\/jlgoslar.de\/\",\"name\":\"JL Goslar\",\"description\":\"JL Goslar\",\"publisher\":{\"@id\":\"https:\/\/jlgoslar.de\/#organization\"},\"potentialAction\":[{\"@type\":\"SearchAction\",\"target\":{\"@type\":\"EntryPoint\",\"urlTemplate\":\"https:\/\/jlgoslar.de\/?s={search_term_string}\"},\"query-input\":{\"@type\":\"PropertyValueSpecification\",\"valueRequired\":true,\"valueName\":\"search_term_string\"}}],\"inLanguage\":\"en-GB\"},{\"@type\":\"Organization\",\"@id\":\"https:\/\/jlgoslar.de\/#organization\",\"name\":\"JL Goslar\",\"url\":\"https:\/\/jlgoslar.de\/\",\"logo\":{\"@type\":\"ImageObject\",\"inLanguage\":\"en-GB\",\"@id\":\"https:\/\/jlgoslar.de\/#\/schema\/logo\/image\/\",\"url\":\"https:\/\/jlgoslar.de\/wp-content\/uploads\/2022\/05\/favicon-512-r.png\",\"contentUrl\":\"https:\/\/jlgoslar.de\/wp-content\/uploads\/2022\/05\/favicon-512-r.png\",\"width\":512,\"height\":512,\"caption\":\"JL Goslar\"},\"image\":{\"@id\":\"https:\/\/jlgoslar.de\/#\/schema\/logo\/image\/\"}}]}<\/script>\n<!-- \/ Yoast SEO plugin. -->","yoast_head_json":{"title":"Anodes and electrodes for electroplating - JL Goslar","description":"Zu den Spezialit\u00e4ten von JL Goslar geh\u00f6rt die Herstellung von verbleiten Anoden f\u00fcr Edelstahlbeizanlagen. Edelstahlb\u00e4ndern aus nichtrostendem Stahl werden in kontinuierlichen Gl\u00fch- und Beizlinien nach der Kaltbearbeitung weiterbehandelt.","robots":{"index":"index","follow":"follow","max-snippet":"max-snippet:-1","max-image-preview":"max-image-preview:large","max-video-preview":"max-video-preview:-1"},"canonical":"https:\/\/jlgoslar.de\/en\/anodes-and-electrodes-for-electroplating\/","og_locale":"en_GB","og_type":"article","og_title":"Anoden und Elektroden f\u00fcr die Galvanik - JL Goslar","og_description":"Zu den Spezialit\u00e4ten von JL Goslar geh\u00f6rt die Herstellung von verbleiten Anoden f\u00fcr Edelstahlbeizanlagen. Edelstahlb\u00e4ndern aus nichtrostendem Stahl werden in kontinuierlichen Gl\u00fch- und Beizlinien nach der Kaltbearbeitung weiterbehandelt.","og_url":"https:\/\/jlgoslar.de\/en\/anodes-and-electrodes-for-electroplating\/","og_site_name":"JL Goslar","article_modified_time":"2025-09-16T08:07:11+00:00","og_image":[{"url":"https:\/\/jlgoslar.de\/wp-content\/uploads\/2022\/08\/chevron-right-bold.svg","type":"","width":"","height":""}],"twitter_card":"summary_large_image","twitter_misc":{"Estimated reading time":"2 minutes"},"schema":{"@context":"https:\/\/schema.org","@graph":[{"@type":"WebPage","@id":"https:\/\/jlgoslar.de\/anoden-und-elektroden-fur-die-galvanik\/","url":"https:\/\/jlgoslar.de\/anoden-und-elektroden-fur-die-galvanik\/","name":"Anodes and electrodes for electroplating - JL Goslar","isPartOf":{"@id":"https:\/\/jlgoslar.de\/#website"},"primaryImageOfPage":{"@id":"https:\/\/jlgoslar.de\/anoden-und-elektroden-fur-die-galvanik\/#primaryimage"},"image":{"@id":"https:\/\/jlgoslar.de\/anoden-und-elektroden-fur-die-galvanik\/#primaryimage"},"thumbnailUrl":"https:\/\/jlgoslar.de\/wp-content\/uploads\/2022\/08\/chevron-right-bold.svg","datePublished":"2022-08-03T04:59:41+00:00","dateModified":"2025-09-16T08:07:11+00:00","description":"Zu den Spezialit\u00e4ten von JL Goslar geh\u00f6rt die Herstellung von verbleiten Anoden f\u00fcr Edelstahlbeizanlagen. Edelstahlb\u00e4ndern aus nichtrostendem Stahl werden in kontinuierlichen Gl\u00fch- und Beizlinien nach der Kaltbearbeitung weiterbehandelt.","breadcrumb":{"@id":"https:\/\/jlgoslar.de\/anoden-und-elektroden-fur-die-galvanik\/#breadcrumb"},"inLanguage":"en-GB","potentialAction":[{"@type":"ReadAction","target":["https:\/\/jlgoslar.de\/anoden-und-elektroden-fur-die-galvanik\/"]}]},{"@type":"ImageObject","inLanguage":"en-GB","@id":"https:\/\/jlgoslar.de\/anoden-und-elektroden-fur-die-galvanik\/#primaryimage","url":"https:\/\/jlgoslar.de\/wp-content\/uploads\/2022\/08\/chevron-right-bold.svg","contentUrl":"https:\/\/jlgoslar.de\/wp-content\/uploads\/2022\/08\/chevron-right-bold.svg"},{"@type":"BreadcrumbList","@id":"https:\/\/jlgoslar.de\/anoden-und-elektroden-fur-die-galvanik\/#breadcrumb","itemListElement":[{"@type":"ListItem","position":1,"name":"Startseite","item":"https:\/\/jlgoslar.de\/"},{"@type":"ListItem","position":2,"name":"Anoden und Elektroden f\u00fcr die Galvanik"}]},{"@type":"WebSite","@id":"https:\/\/jlgoslar.de\/#website","url":"https:\/\/jlgoslar.de\/","name":"JL Goslar","description":"JL Goslar","publisher":{"@id":"https:\/\/jlgoslar.de\/#organization"},"potentialAction":[{"@type":"SearchAction","target":{"@type":"EntryPoint","urlTemplate":"https:\/\/jlgoslar.de\/?s={search_term_string}"},"query-input":{"@type":"PropertyValueSpecification","valueRequired":true,"valueName":"search_term_string"}}],"inLanguage":"en-GB"},{"@type":"Organization","@id":"https:\/\/jlgoslar.de\/#organization","name":"JL Goslar","url":"https:\/\/jlgoslar.de\/","logo":{"@type":"ImageObject","inLanguage":"en-GB","@id":"https:\/\/jlgoslar.de\/#\/schema\/logo\/image\/","url":"https:\/\/jlgoslar.de\/wp-content\/uploads\/2022\/05\/favicon-512-r.png","contentUrl":"https:\/\/jlgoslar.de\/wp-content\/uploads\/2022\/05\/favicon-512-r.png","width":512,"height":512,"caption":"JL Goslar"},"image":{"@id":"https:\/\/jlgoslar.de\/#\/schema\/logo\/image\/"}}]}},"_links":{"self":[{"href":"https:\/\/jlgoslar.de\/en\/wp-json\/wp\/v2\/pages\/9556","targetHints":{"allow":["GET"]}}],"collection":[{"href":"https:\/\/jlgoslar.de\/en\/wp-json\/wp\/v2\/pages"}],"about":[{"href":"https:\/\/jlgoslar.de\/en\/wp-json\/wp\/v2\/types\/page"}],"author":[{"embeddable":true,"href":"https:\/\/jlgoslar.de\/en\/wp-json\/wp\/v2\/users\/1"}],"replies":[{"embeddable":true,"href":"https:\/\/jlgoslar.de\/en\/wp-json\/wp\/v2\/comments?post=9556"}],"version-history":[{"count":0,"href":"https:\/\/jlgoslar.de\/en\/wp-json\/wp\/v2\/pages\/9556\/revisions"}],"wp:attachment":[{"href":"https:\/\/jlgoslar.de\/en\/wp-json\/wp\/v2\/media?parent=9556"}],"curies":[{"name":"wp","href":"https:\/\/api.w.org\/{rel}","templated":true}]}}